{"id":21589,"date":"2024-11-07T19:57:08","date_gmt":"2024-11-07T19:57:08","guid":{"rendered":"https:\/\/yenikapiboatshow.com\/?page_id=21589"},"modified":"2024-11-18T12:57:15","modified_gmt":"2024-11-18T09:57:15","slug":"urun-kategorileri","status":"publish","type":"page","link":"https:\/\/yenikapiboatshow.com\/en\/product-categories\/","title":{"rendered":"Product Categories"},"content":{"rendered":"<div data-elementor-type=\"wp-page\" data-elementor-id=\"21589\" class=\"elementor elementor-21589\" data-elementor-post-type=\"page\">\n\t\t\t\t<div class=\"elementor-element elementor-element-f26500a e-flex e-con-boxed sc_layouts_column_icons_position_left e-con e-parent\" data-id=\"f26500a\" data-element_type=\"container\">\n\t\t\t\t\t<div class=\"e-con-inner\">\n\t\t\t\t<div class=\"elementor-element elementor-element-c3d11eb sc_fly_static elementor-widget elementor-widget-trx_sc_title\" data-id=\"c3d11eb\" data-element_type=\"widget\" data-widget_type=\"trx_sc_title.default\">\n\t\t\t\t<div class=\"elementor-widget-container\">\n\t\t\t<div\t\tclass=\"sc_title sc_title_default\" ><h2 class=\"sc_item_title sc_title_title sc_align_center sc_item_title_style_default\"\n\t\t\t><span class=\"sc_item_title_text\">PRODUCT CATEGORIES<\/span><\/h2><\/div>\t\t<\/div>\n\t\t\t\t<\/div>\n\t\t\t\t\t<\/div>\n\t\t\t\t<\/div>\n\t\t<div class=\"elementor-element elementor-element-ae57426 e-flex e-con-boxed sc_layouts_column_icons_position_left e-con e-parent\" data-id=\"ae57426\" data-element_type=\"container\">\n\t\t\t\t\t<div class=\"e-con-inner\">\n\t\t<div class=\"elementor-element elementor-element-bfa8ee1 e-con-full e-flex sc_layouts_column_icons_position_left e-con e-child\" data-id=\"bfa8ee1\" data-element_type=\"container\">\n\t\t\t\t<div class=\"elementor-element elementor-element-995fec5 sc_fly_static elementor-widget elementor-widget-text-editor\" data-id=\"995fec5\" data-element_type=\"widget\" data-widget_type=\"text-editor.default\">\n\t\t\t\t<div class=\"elementor-widget-container\">\n\t\t\t\t\t\t\t<ul><li>Boat accessories and equipment<\/li><li>Diving equipment<\/li><li>Boat power equipment and outboard motors<\/li><li>Motor boats<\/li><li>Sailing boats<\/li><li>Rib and tender boots<\/li><li>Marinas<\/li><li>Water sports equipment<\/li><li>Marine textiles<\/li><li>Civil Society Organizations<\/li><li>Sea toys<\/li><li>Charter companies<\/li><li>Ventilation, heating, cooling systems<\/li><li>Marine security systems<\/li><li>Electronic devices and equipment<\/li><li>Related media organizations<\/li><\/ul>\t\t\t\t\t\t<\/div>\n\t\t\t\t<\/div>\n\t\t\t\t<\/div>\n\t\t<div class=\"elementor-element elementor-element-1c39b9d e-con-full e-flex sc_layouts_column_icons_position_left e-con e-child\" data-id=\"1c39b9d\" data-element_type=\"container\">\n\t\t\t\t<div class=\"elementor-element elementor-element-05cd4d4 sc_fly_static elementor-widget elementor-widget-image\" data-id=\"05cd4d4\" data-element_type=\"widget\" data-widget_type=\"image.default\">\n\t\t\t\t<div class=\"elementor-widget-container\">\n\t\t\t\t\t\t\t\t\t\t\t\t\t<img fetchpriority=\"high\" decoding=\"async\" width=\"1024\" height=\"683\" src=\"https:\/\/yenikapiboatshow.com\/wp-content\/uploads\/2024\/11\/1-3-1024x683.jpg\" class=\"attachment-large size-large wp-image-22115\" alt=\"\" srcset=\"https:\/\/yenikapiboatshow.com\/wp-content\/uploads\/2024\/11\/1-3-1024x683.jpg 1024w, https:\/\/yenikapiboatshow.com\/wp-content\/uploads\/2024\/11\/1-3-300x200.jpg 300w, https:\/\/yenikapiboatshow.com\/wp-content\/uploads\/2024\/11\/1-3-768x512.jpg 768w, https:\/\/yenikapiboatshow.com\/wp-content\/uploads\/2024\/11\/1-3-1536x1024.jpg 1536w, https:\/\/yenikapiboatshow.com\/wp-content\/uploads\/2024\/11\/1-3-2048x1365.jpg 2048w, https:\/\/yenikapiboatshow.com\/wp-content\/uploads\/2024\/11\/1-3-370x247.jpg 370w, https:\/\/yenikapiboatshow.com\/wp-content\/uploads\/2024\/11\/1-3-840x560.jpg 840w, https:\/\/yenikapiboatshow.com\/wp-content\/uploads\/2024\/11\/1-3-410x273.jpg 410w\" sizes=\"(max-width: 1024px) 100vw, 1024px\" \/>\t\t\t\t\t\t\t\t\t\t\t\t\t<\/div>\n\t\t\t\t<\/div>\n\t\t\t\t<div class=\"elementor-element elementor-element-9abe194 sc_fly_static elementor-widget elementor-widget-image\" data-id=\"9abe194\" data-element_type=\"widget\" data-widget_type=\"image.default\">\n\t\t\t\t<div class=\"elementor-widget-container\">\n\t\t\t\t\t\t\t\t\t\t\t\t\t<img decoding=\"async\" width=\"1024\" height=\"683\" src=\"https:\/\/yenikapiboatshow.com\/wp-content\/uploads\/2024\/11\/2-7-1024x683.jpg\" class=\"attachment-large size-large wp-image-22116\" alt=\"\" srcset=\"https:\/\/yenikapiboatshow.com\/wp-content\/uploads\/2024\/11\/2-7-1024x683.jpg 1024w, https:\/\/yenikapiboatshow.com\/wp-content\/uploads\/2024\/11\/2-7-300x200.jpg 300w, https:\/\/yenikapiboatshow.com\/wp-content\/uploads\/2024\/11\/2-7-768x512.jpg 768w, https:\/\/yenikapiboatshow.com\/wp-content\/uploads\/2024\/11\/2-7-1536x1024.jpg 1536w, https:\/\/yenikapiboatshow.com\/wp-content\/uploads\/2024\/11\/2-7-2048x1365.jpg 2048w, https:\/\/yenikapiboatshow.com\/wp-content\/uploads\/2024\/11\/2-7-370x247.jpg 370w, https:\/\/yenikapiboatshow.com\/wp-content\/uploads\/2024\/11\/2-7-840x560.jpg 840w, https:\/\/yenikapiboatshow.com\/wp-content\/uploads\/2024\/11\/2-7-410x273.jpg 410w\" sizes=\"(max-width: 1024px) 100vw, 1024px\" \/>\t\t\t\t\t\t\t\t\t\t\t\t\t<\/div>\n\t\t\t\t<\/div>\n\t\t\t\t<div class=\"elementor-element elementor-element-e8e4df4 sc_fly_static elementor-widget elementor-widget-image\" data-id=\"e8e4df4\" data-element_type=\"widget\" data-widget_type=\"image.default\">\n\t\t\t\t<div class=\"elementor-widget-container\">\n\t\t\t\t\t\t\t\t\t\t\t\t\t<img decoding=\"async\" width=\"1024\" height=\"682\" src=\"https:\/\/yenikapiboatshow.com\/wp-content\/uploads\/2024\/11\/3-5-1024x682.jpg\" class=\"attachment-large size-large wp-image-22117\" alt=\"\" srcset=\"https:\/\/yenikapiboatshow.com\/wp-content\/uploads\/2024\/11\/3-5-1024x682.jpg 1024w, https:\/\/yenikapiboatshow.com\/wp-content\/uploads\/2024\/11\/3-5-300x200.jpg 300w, https:\/\/yenikapiboatshow.com\/wp-content\/uploads\/2024\/11\/3-5-768x512.jpg 768w, https:\/\/yenikapiboatshow.com\/wp-content\/uploads\/2024\/11\/3-5-1536x1023.jpg 1536w, https:\/\/yenikapiboatshow.com\/wp-content\/uploads\/2024\/11\/3-5-370x247.jpg 370w, https:\/\/yenikapiboatshow.com\/wp-content\/uploads\/2024\/11\/3-5-840x560.jpg 840w, https:\/\/yenikapiboatshow.com\/wp-content\/uploads\/2024\/11\/3-5-410x273.jpg 410w, https:\/\/yenikapiboatshow.com\/wp-content\/uploads\/2024\/11\/3-5.jpg 2044w\" sizes=\"(max-width: 1024px) 100vw, 1024px\" \/>\t\t\t\t\t\t\t\t\t\t\t\t\t<\/div>\n\t\t\t\t<\/div>\n\t\t\t\t<\/div>\n\t\t\t\t\t<\/div>\n\t\t\t\t<\/div>\n\t\t\t\t<\/div>","protected":false},"excerpt":{"rendered":"<p>\u00dcR\u00dcN KATEGOR\u0130LER\u0130 Tekne aksesuarlar\u0131 ve ekipmanlar\u0131 Dal\u0131\u015f malzemeleri Tekne g\u00fc\u00e7 ekipmanlar\u0131 ve d\u0131\u015ftan takma motorlar Motorlu tekneler Yelkenli tekneler Rib ve tender botlar Marinalar Su sporlar\u0131 ekipmanlar\u0131 Deniz tekstili Sekt\u00f6r&hellip;<\/p>","protected":false},"author":1,"featured_media":0,"parent":0,"menu_order":0,"comment_status":"closed","ping_status":"closed","template":"","meta":{"_eb_attr":"","footnotes":""},"class_list":["post-21589","page","type-page","status-publish","hentry"],"_links":{"self":[{"href":"https:\/\/yenikapiboatshow.com\/en\/wp-json\/wp\/v2\/pages\/21589","targetHints":{"allow":["GET"]}}],"collection":[{"href":"https:\/\/yenikapiboatshow.com\/en\/wp-json\/wp\/v2\/pages"}],"about":[{"href":"https:\/\/yenikapiboatshow.com\/en\/wp-json\/wp\/v2\/types\/page"}],"author":[{"embeddable":true,"href":"https:\/\/yenikapiboatshow.com\/en\/wp-json\/wp\/v2\/users\/1"}],"replies":[{"embeddable":true,"href":"https:\/\/yenikapiboatshow.com\/en\/wp-json\/wp\/v2\/comments?post=21589"}],"version-history":[{"count":58,"href":"https:\/\/yenikapiboatshow.com\/en\/wp-json\/wp\/v2\/pages\/21589\/revisions"}],"predecessor-version":[{"id":22772,"href":"https:\/\/yenikapiboatshow.com\/en\/wp-json\/wp\/v2\/pages\/21589\/revisions\/22772"}],"wp:attachment":[{"href":"https:\/\/yenikapiboatshow.com\/en\/wp-json\/wp\/v2\/media?parent=21589"}],"curies":[{"name":"wp","href":"https:\/\/api.w.org\/{rel}","templated":true}]}}