{"id":21587,"date":"2024-11-07T19:56:49","date_gmt":"2024-11-07T19:56:49","guid":{"rendered":"https:\/\/yenikapiboatshow.com\/?page_id=21587"},"modified":"2024-11-18T12:49:47","modified_gmt":"2024-11-18T09:49:47","slug":"neden-ziyaret-etmelisiniz","status":"publish","type":"page","link":"https:\/\/yenikapiboatshow.com\/en\/why-should-you-visit\/","title":{"rendered":"Why Should You Visit?"},"content":{"rendered":"<div data-elementor-type=\"wp-page\" data-elementor-id=\"21587\" class=\"elementor elementor-21587\" data-elementor-post-type=\"page\">\n\t\t\t\t<div class=\"elementor-element elementor-element-ab06399 e-flex e-con-boxed sc_layouts_column_icons_position_left e-con e-parent\" data-id=\"ab06399\" data-element_type=\"container\">\n\t\t\t\t\t<div class=\"e-con-inner\">\n\t\t\t\t<div class=\"elementor-element elementor-element-2e40c64 sc_fly_static elementor-widget elementor-widget-trx_sc_title\" data-id=\"2e40c64\" data-element_type=\"widget\" data-widget_type=\"trx_sc_title.default\">\n\t\t\t\t<div class=\"elementor-widget-container\">\n\t\t\t<div\t\tclass=\"sc_title sc_title_default\" ><h2 class=\"sc_item_title sc_title_title sc_align_center sc_item_title_style_default sc_item_title_tag\"\n\t\t\t><span class=\"sc_item_title_text\">Why Should You Visit the Yenikap\u0131 Boat Show?<\/span><\/h2><\/div>\t\t<\/div>\n\t\t\t\t<\/div>\n\t\t\t\t<div class=\"elementor-element elementor-element-20edf1d sc_fly_static elementor-widget elementor-widget-text-editor\" data-id=\"20edf1d\" data-element_type=\"widget\" data-widget_type=\"text-editor.default\">\n\t\t\t\t<div class=\"elementor-widget-container\">\n\t\t\t\t\t\t\t<p class=\"p1\">The Yenikap\u0131 Boat Show offers a unique opportunity for maritime enthusiasts, boat owners, investors, and those following innovations related to the sea. Taking place from December 14 to 22, 2024, at the Yenikap\u0131 Expo Center, this special event will be one of the most important meeting points in the maritime industry.<\/p>\t\t\t\t\t\t<\/div>\n\t\t\t\t<\/div>\n\t\t\t\t\t<\/div>\n\t\t\t\t<\/div>\n\t\t<div class=\"elementor-element elementor-element-4bbf6f7 e-flex e-con-boxed sc_layouts_column_icons_position_left e-con e-parent\" data-id=\"4bbf6f7\" data-element_type=\"container\">\n\t\t\t\t\t<div class=\"e-con-inner\">\n\t\t<div class=\"elementor-element elementor-element-dfe5eb2 e-con-full e-flex sc_layouts_column_icons_position_left e-con e-child\" data-id=\"dfe5eb2\" data-element_type=\"container\">\n\t\t\t\t<div class=\"elementor-element elementor-element-d1205b3 sc_fly_static elementor-widget elementor-widget-image\" data-id=\"d1205b3\" data-element_type=\"widget\" data-widget_type=\"image.default\">\n\t\t\t\t<div class=\"elementor-widget-container\">\n\t\t\t\t\t\t\t\t\t\t\t\t\t<img fetchpriority=\"high\" decoding=\"async\" width=\"1024\" height=\"683\" src=\"https:\/\/yenikapiboatshow.com\/wp-content\/uploads\/2024\/11\/1.-FOTO-1024x683.jpg\" class=\"attachment-large size-large wp-image-21662\" alt=\"\" srcset=\"https:\/\/yenikapiboatshow.com\/wp-content\/uploads\/2024\/11\/1.-FOTO-1024x683.jpg 1024w, https:\/\/yenikapiboatshow.com\/wp-content\/uploads\/2024\/11\/1.-FOTO-300x200.jpg 300w, https:\/\/yenikapiboatshow.com\/wp-content\/uploads\/2024\/11\/1.-FOTO-768x512.jpg 768w, https:\/\/yenikapiboatshow.com\/wp-content\/uploads\/2024\/11\/1.-FOTO-1536x1024.jpg 1536w, https:\/\/yenikapiboatshow.com\/wp-content\/uploads\/2024\/11\/1.-FOTO-2048x1365.jpg 2048w, https:\/\/yenikapiboatshow.com\/wp-content\/uploads\/2024\/11\/1.-FOTO-370x247.jpg 370w, https:\/\/yenikapiboatshow.com\/wp-content\/uploads\/2024\/11\/1.-FOTO-840x560.jpg 840w, https:\/\/yenikapiboatshow.com\/wp-content\/uploads\/2024\/11\/1.-FOTO-410x273.jpg 410w, https:\/\/yenikapiboatshow.com\/wp-content\/uploads\/2024\/11\/1.-FOTO-600x400.jpg 600w\" sizes=\"(max-width: 1024px) 100vw, 1024px\" \/>\t\t\t\t\t\t\t\t\t\t\t\t\t<\/div>\n\t\t\t\t<\/div>\n\t\t\t\t<\/div>\n\t\t<div class=\"elementor-element elementor-element-6bfb7df e-con-full e-flex sc_layouts_column_icons_position_left e-con e-child\" data-id=\"6bfb7df\" data-element_type=\"container\">\n\t\t\t\t<div class=\"elementor-element elementor-element-3c8dfcd sc_fly_static elementor-widget elementor-widget-trx_sc_title\" data-id=\"3c8dfcd\" data-element_type=\"widget\" data-widget_type=\"trx_sc_title.default\">\n\t\t\t\t<div class=\"elementor-widget-container\">\n\t\t\t<div\t\tclass=\"sc_title sc_title_default\" ><h4 class=\"sc_item_title sc_title_title sc_item_title_style_default sc_item_title_tag\"\n\t\t\t><span class=\"sc_item_title_text\">1. The Latest Yachts and Technologies<\/span><\/h4><\/div>\t\t<\/div>\n\t\t\t\t<\/div>\n\t\t\t\t<div class=\"elementor-element elementor-element-f085750 sc_fly_static elementor-widget elementor-widget-text-editor\" data-id=\"f085750\" data-element_type=\"widget\" data-widget_type=\"text-editor.default\">\n\t\t\t\t<div class=\"elementor-widget-container\">\n\t\t\t\t\t\t\t<p class=\"p1\">The exhibition brings together not only world-renowned boat brands but also the latest models and most innovative maritime technologies from domestic boat and motor yacht manufacturers. It is an excellent opportunity for visitors who are looking to purchase a boat or explore new technologies. You can closely examine boats, motor yachts, marine vehicles, and accessories offered by the industry's most prestigious manufacturers.<\/p>\t\t\t\t\t\t<\/div>\n\t\t\t\t<\/div>\n\t\t\t\t<div class=\"elementor-element elementor-element-abbb468 sc_fly_static elementor-widget elementor-widget-trx_sc_title\" data-id=\"abbb468\" data-element_type=\"widget\" data-widget_type=\"trx_sc_title.default\">\n\t\t\t\t<div class=\"elementor-widget-container\">\n\t\t\t<div\t\tclass=\"sc_title sc_title_default\" ><h4 class=\"sc_item_title sc_title_title sc_item_title_style_default sc_item_title_tag\"\n\t\t\t><span class=\"sc_item_title_text\">2. Information and Advice from Experts<\/span><\/h4><\/div>\t\t<\/div>\n\t\t\t\t<\/div>\n\t\t\t\t<div class=\"elementor-element elementor-element-83dcfed sc_fly_static elementor-widget elementor-widget-text-editor\" data-id=\"83dcfed\" data-element_type=\"widget\" data-widget_type=\"text-editor.default\">\n\t\t\t\t<div class=\"elementor-widget-container\">\n\t\t\t\t\t\t\t<p class=\"p1\">The Yenikap\u0131 Boat Show brings together leading figures and experts from the industry. At the event, you can gain valuable insights from the most experienced professionals in the yacht sector, covering topics such as choosing the right yacht for new buyers, maintenance, and equipment.<\/p>\t\t\t\t\t\t<\/div>\n\t\t\t\t<\/div>\n\t\t\t\t<\/div>\n\t\t\t\t\t<\/div>\n\t\t\t\t<\/div>\n\t\t<div class=\"elementor-element elementor-element-1431e21 e-flex e-con-boxed sc_layouts_column_icons_position_left e-con e-parent\" data-id=\"1431e21\" data-element_type=\"container\">\n\t\t\t\t\t<div class=\"e-con-inner\">\n\t\t\t\t<div class=\"elementor-element elementor-element-07d29ed sc_fly_static elementor-widget elementor-widget-trx_sc_title\" data-id=\"07d29ed\" data-element_type=\"widget\" data-widget_type=\"trx_sc_title.default\">\n\t\t\t\t<div class=\"elementor-widget-container\">\n\t\t\t<div\t\tclass=\"sc_title sc_title_default\" ><h4 class=\"sc_item_title sc_title_title sc_item_title_style_default sc_item_title_tag\"\n\t\t\t><span class=\"sc_item_title_text\">3. Wide Range Of Products For Marine<\/span><\/h4><\/div>\t\t<\/div>\n\t\t\t\t<\/div>\n\t\t\t\t<div class=\"elementor-element elementor-element-05f6582 sc_fly_static elementor-widget elementor-widget-text-editor\" data-id=\"05f6582\" data-element_type=\"widget\" data-widget_type=\"text-editor.default\">\n\t\t\t\t<div class=\"elementor-widget-container\">\n\t\t\t\t\t\t\t<p class=\"p1\">In addition to buying and selling yachts and boats, you will also have the opportunity to explore a wide range of products and services, such as maritime accessories, equipment, maintenance, and safety products. You can find everything you need under one roof.<\/p>\t\t\t\t\t\t<\/div>\n\t\t\t\t<\/div>\n\t\t\t\t\t<\/div>\n\t\t\t\t<\/div>\n\t\t<div class=\"elementor-element elementor-element-f7fb859 e-flex e-con-boxed sc_layouts_column_icons_position_left e-con e-parent\" data-id=\"f7fb859\" data-element_type=\"container\">\n\t\t\t\t\t<div class=\"e-con-inner\">\n\t\t<div class=\"elementor-element elementor-element-e5841cc e-con-full e-flex sc_layouts_column_icons_position_left e-con e-child\" data-id=\"e5841cc\" data-element_type=\"container\">\n\t\t\t\t<div class=\"elementor-element elementor-element-260713b sc_fly_static elementor-widget elementor-widget-trx_sc_title\" data-id=\"260713b\" data-element_type=\"widget\" data-widget_type=\"trx_sc_title.default\">\n\t\t\t\t<div class=\"elementor-widget-container\">\n\t\t\t<div\t\tclass=\"sc_title sc_title_default\" ><h4 class=\"sc_item_title sc_title_title sc_item_title_style_default sc_item_title_tag\"\n\t\t\t><span class=\"sc_item_title_text\">4. Networking and Collaboration Opportunities<\/span><\/h4><\/div>\t\t<\/div>\n\t\t\t\t<\/div>\n\t\t\t\t<div class=\"elementor-element elementor-element-f3475a6 sc_fly_static elementor-widget elementor-widget-text-editor\" data-id=\"f3475a6\" data-element_type=\"widget\" data-widget_type=\"text-editor.default\">\n\t\t\t\t<div class=\"elementor-widget-container\">\n\t\t\t\t\t\t\t<p class=\"p1\">At the fair, you will have the opportunity to meet industry professionals, investors, and business partners, and establish new collaborations. By connecting with individuals who are shaping the future of the sea and the maritime industry, you can create new opportunities.<\/p>\t\t\t\t\t\t<\/div>\n\t\t\t\t<\/div>\n\t\t\t\t<div class=\"elementor-element elementor-element-4be4d97 sc_fly_static elementor-widget elementor-widget-trx_sc_title\" data-id=\"4be4d97\" data-element_type=\"widget\" data-widget_type=\"trx_sc_title.default\">\n\t\t\t\t<div class=\"elementor-widget-container\">\n\t\t\t<div\t\tclass=\"sc_title sc_title_default\" ><h4 class=\"sc_item_title sc_title_title sc_item_title_style_default sc_item_title_tag\"\n\t\t\t><span class=\"sc_item_title_text\">5. Family Friendly Fair<\/span><\/h4><\/div>\t\t<\/div>\n\t\t\t\t<\/div>\n\t\t\t\t<div class=\"elementor-element elementor-element-432242a sc_fly_static elementor-widget elementor-widget-text-editor\" data-id=\"432242a\" data-element_type=\"widget\" data-widget_type=\"text-editor.default\">\n\t\t\t\t<div class=\"elementor-widget-container\">\n\t\t\t\t\t\t\t<p class=\"p1\">The Yenikap\u0131 Boat Show offers an experience that appeals to visitors of all ages. It provides the perfect setting for spending a fun day with your family and exploring the world of maritime.<\/p>\t\t\t\t\t\t<\/div>\n\t\t\t\t<\/div>\n\t\t\t\t<\/div>\n\t\t<div class=\"elementor-element elementor-element-9b4556e e-con-full e-flex sc_layouts_column_icons_position_left e-con e-child\" data-id=\"9b4556e\" data-element_type=\"container\">\n\t\t\t\t<div class=\"elementor-element elementor-element-1a2caee sc_fly_static elementor-widget elementor-widget-image\" data-id=\"1a2caee\" data-element_type=\"widget\" data-widget_type=\"image.default\">\n\t\t\t\t<div class=\"elementor-widget-container\">\n\t\t\t\t\t\t\t\t\t\t\t\t\t<img decoding=\"async\" width=\"1024\" height=\"683\" src=\"https:\/\/yenikapiboatshow.com\/wp-content\/uploads\/2024\/11\/2.-FOTO-1024x683.jpg\" class=\"attachment-large size-large wp-image-21664\" alt=\"\" srcset=\"https:\/\/yenikapiboatshow.com\/wp-content\/uploads\/2024\/11\/2.-FOTO-1024x683.jpg 1024w, https:\/\/yenikapiboatshow.com\/wp-content\/uploads\/2024\/11\/2.-FOTO-300x200.jpg 300w, https:\/\/yenikapiboatshow.com\/wp-content\/uploads\/2024\/11\/2.-FOTO-768x512.jpg 768w, https:\/\/yenikapiboatshow.com\/wp-content\/uploads\/2024\/11\/2.-FOTO-1536x1024.jpg 1536w, https:\/\/yenikapiboatshow.com\/wp-content\/uploads\/2024\/11\/2.-FOTO-2048x1365.jpg 2048w, https:\/\/yenikapiboatshow.com\/wp-content\/uploads\/2024\/11\/2.-FOTO-370x247.jpg 370w, https:\/\/yenikapiboatshow.com\/wp-content\/uploads\/2024\/11\/2.-FOTO-840x560.jpg 840w, https:\/\/yenikapiboatshow.com\/wp-content\/uploads\/2024\/11\/2.-FOTO-410x273.jpg 410w, https:\/\/yenikapiboatshow.com\/wp-content\/uploads\/2024\/11\/2.-FOTO-600x400.jpg 600w\" sizes=\"(max-width: 1024px) 100vw, 1024px\" \/>\t\t\t\t\t\t\t\t\t\t\t\t\t<\/div>\n\t\t\t\t<\/div>\n\t\t\t\t<\/div>\n\t\t\t\t\t<\/div>\n\t\t\t\t<\/div>\n\t\t<div class=\"elementor-element elementor-element-fac040b e-flex e-con-boxed sc_layouts_column_icons_position_left e-con e-parent\" data-id=\"fac040b\" data-element_type=\"container\">\n\t\t\t\t\t<div class=\"e-con-inner\">\n\t\t\t\t<div class=\"elementor-element elementor-element-b33c331 sc_fly_static elementor-widget elementor-widget-trx_sc_title\" data-id=\"b33c331\" data-element_type=\"widget\" data-widget_type=\"trx_sc_title.default\">\n\t\t\t\t<div class=\"elementor-widget-container\">\n\t\t\t<div\t\tclass=\"sc_title sc_title_default\" ><h4 class=\"sc_item_title sc_title_title sc_item_title_style_default sc_item_title_tag\"\n\t\t\t><span class=\"sc_item_title_text\">6. The Strategic Location of the Fair<\/span><\/h4><\/div>\t\t<\/div>\n\t\t\t\t<\/div>\n\t\t\t\t<div class=\"elementor-element elementor-element-2a8ef0c sc_fly_static elementor-widget elementor-widget-text-editor\" data-id=\"2a8ef0c\" data-element_type=\"widget\" data-widget_type=\"text-editor.default\">\n\t\t\t\t<div class=\"elementor-widget-container\">\n\t\t\t\t\t\t\t<p class=\"p1\">Located in a central area of Istanbul, the Yenikap\u0131 Expo Center is easily accessible. You can reach the fair with ease and make the most of your day.<\/p><p class=\"p1\">The Yenikap\u0131 Boat Show, an unmissable event for sea enthusiasts, industry professionals, and those looking to invest, continues to bring the industry together in 2024. Visit the fair to experience this unique event and step into the world of maritime!<\/p>\t\t\t\t\t\t<\/div>\n\t\t\t\t<\/div>\n\t\t\t\t\t<\/div>\n\t\t\t\t<\/div>\n\t\t<div class=\"elementor-element elementor-element-b4daa15 e-flex e-con-boxed sc_layouts_column_icons_position_left e-con e-parent\" data-id=\"b4daa15\" data-element_type=\"container\">\n\t\t\t\t\t<div class=\"e-con-inner\">\n\t\t<div class=\"elementor-element elementor-element-b3b428d e-con-full e-flex sc_layouts_column_icons_position_left e-con e-child\" data-id=\"b3b428d\" data-element_type=\"container\">\n\t\t\t\t<div class=\"elementor-element elementor-element-ceb7299 sc_fly_static elementor-widget elementor-widget-image\" data-id=\"ceb7299\" data-element_type=\"widget\" data-widget_type=\"image.default\">\n\t\t\t\t<div class=\"elementor-widget-container\">\n\t\t\t\t\t\t\t\t\t\t\t\t\t<img decoding=\"async\" width=\"1024\" height=\"683\" src=\"https:\/\/yenikapiboatshow.com\/wp-content\/uploads\/2024\/11\/3.FOTO_-1024x683.jpg\" class=\"attachment-large size-large wp-image-21665\" alt=\"\" srcset=\"https:\/\/yenikapiboatshow.com\/wp-content\/uploads\/2024\/11\/3.FOTO_-1024x683.jpg 1024w, https:\/\/yenikapiboatshow.com\/wp-content\/uploads\/2024\/11\/3.FOTO_-300x200.jpg 300w, https:\/\/yenikapiboatshow.com\/wp-content\/uploads\/2024\/11\/3.FOTO_-768x512.jpg 768w, https:\/\/yenikapiboatshow.com\/wp-content\/uploads\/2024\/11\/3.FOTO_-1536x1024.jpg 1536w, https:\/\/yenikapiboatshow.com\/wp-content\/uploads\/2024\/11\/3.FOTO_-2048x1365.jpg 2048w, https:\/\/yenikapiboatshow.com\/wp-content\/uploads\/2024\/11\/3.FOTO_-370x247.jpg 370w, https:\/\/yenikapiboatshow.com\/wp-content\/uploads\/2024\/11\/3.FOTO_-840x560.jpg 840w, https:\/\/yenikapiboatshow.com\/wp-content\/uploads\/2024\/11\/3.FOTO_-410x273.jpg 410w, https:\/\/yenikapiboatshow.com\/wp-content\/uploads\/2024\/11\/3.FOTO_-600x400.jpg 600w\" sizes=\"(max-width: 1024px) 100vw, 1024px\" \/>\t\t\t\t\t\t\t\t\t\t\t\t\t<\/div>\n\t\t\t\t<\/div>\n\t\t\t\t<\/div>\n\t\t<div class=\"elementor-element elementor-element-140c2ad e-con-full e-flex sc_layouts_column_icons_position_left e-con e-child\" data-id=\"140c2ad\" data-element_type=\"container\">\n\t\t\t\t<div class=\"elementor-element elementor-element-1a14a20 sc_fly_static elementor-widget elementor-widget-trx_sc_title\" data-id=\"1a14a20\" data-element_type=\"widget\" data-widget_type=\"trx_sc_title.default\">\n\t\t\t\t<div class=\"elementor-widget-container\">\n\t\t\t<div\t\tclass=\"sc_title sc_title_default\" ><h3 class=\"sc_item_title sc_title_title sc_item_title_style_default sc_item_title_tag\"\n\t\t\t><span class=\"sc_item_title_text\">VISITOR PROFILE<\/span><\/h3><\/div>\t\t<\/div>\n\t\t\t\t<\/div>\n\t\t\t\t<div class=\"elementor-element elementor-element-fb0c0fc sc_fly_static elementor-widget elementor-widget-text-editor\" data-id=\"fb0c0fc\" data-element_type=\"widget\" data-widget_type=\"text-editor.default\">\n\t\t\t\t<div class=\"elementor-widget-container\">\n\t\t\t\t\t\t\t<ul class=\"ul1\"><li class=\"li1\"><p>Individual buyers<\/p><\/li><li class=\"li1\"><p>Importers<\/p><\/li><li class=\"li1\"><p>Exporters<\/p><\/li><li class=\"li1\"><p>Distributors<\/p><\/li><li class=\"li1\"><p>Boat builders<\/p><\/li><li class=\"li1\"><p>Designers<\/p><\/li><li class=\"li1\"><p>Distributors and agents<\/p><\/li><li class=\"li1\"><p>Yacht captains<\/p><\/li><li class=\"li1\"><p>Sea enthusiasts<\/p><\/li><\/ul>\t\t\t\t\t\t<\/div>\n\t\t\t\t<\/div>\n\t\t\t\t<\/div>\n\t\t\t\t\t<\/div>\n\t\t\t\t<\/div>\n\t\t\t\t<\/div>","protected":false},"excerpt":{"rendered":"<p>Neden Yenikap\u0131 Boat Show Fuar\u0131n\u0131 Ziyaret Etmelisiniz? Yenikap\u0131 Boat Show Fuar\u0131, denizcilik tutkunlar\u0131, tekne sahipleri, yat\u0131r\u0131mc\u0131lar ve denizle ilgili her t\u00fcrl\u00fc inovasyonu takip edenler i\u00e7in benzersiz bir f\u0131rsat sunuyor. 14-22&hellip;<\/p>","protected":false},"author":1,"featured_media":0,"parent":0,"menu_order":0,"comment_status":"closed","ping_status":"closed","template":"","meta":{"_eb_attr":"","footnotes":""},"class_list":["post-21587","page","type-page","status-publish","hentry"],"_links":{"self":[{"href":"https:\/\/yenikapiboatshow.com\/en\/wp-json\/wp\/v2\/pages\/21587","targetHints":{"allow":["GET"]}}],"collection":[{"href":"https:\/\/yenikapiboatshow.com\/en\/wp-json\/wp\/v2\/pages"}],"about":[{"href":"https:\/\/yenikapiboatshow.com\/en\/wp-json\/wp\/v2\/types\/page"}],"author":[{"embeddable":true,"href":"https:\/\/yenikapiboatshow.com\/en\/wp-json\/wp\/v2\/users\/1"}],"replies":[{"embeddable":true,"href":"https:\/\/yenikapiboatshow.com\/en\/wp-json\/wp\/v2\/comments?post=21587"}],"version-history":[{"count":19,"href":"https:\/\/yenikapiboatshow.com\/en\/wp-json\/wp\/v2\/pages\/21587\/revisions"}],"predecessor-version":[{"id":22765,"href":"https:\/\/yenikapiboatshow.com\/en\/wp-json\/wp\/v2\/pages\/21587\/revisions\/22765"}],"wp:attachment":[{"href":"https:\/\/yenikapiboatshow.com\/en\/wp-json\/wp\/v2\/media?parent=21587"}],"curies":[{"name":"wp","href":"https:\/\/api.w.org\/{rel}","templated":true}]}}