{"id":21575,"date":"2024-11-07T19:36:46","date_gmt":"2024-11-07T19:36:46","guid":{"rendered":"https:\/\/yenikapiboatshow.com\/?page_id=21575"},"modified":"2025-12-12T12:39:22","modified_gmt":"2025-12-12T09:39:22","slug":"logolar","status":"publish","type":"page","link":"https:\/\/yenikapiboatshow.com\/en\/logos\/","title":{"rendered":"Logos"},"content":{"rendered":"<div data-elementor-type=\"wp-page\" data-elementor-id=\"21575\" class=\"elementor elementor-21575\" data-elementor-post-type=\"page\">\n\t\t\t\t<div class=\"elementor-element elementor-element-a45f0e5 e-flex e-con-boxed sc_layouts_column_icons_position_left e-con e-parent\" data-id=\"a45f0e5\" data-element_type=\"container\">\n\t\t\t\t\t<div class=\"e-con-inner\">\n\t\t<div class=\"elementor-element elementor-element-5021d86 e-con-full e-flex sc_layouts_column_icons_position_left e-con e-child\" data-id=\"5021d86\" data-element_type=\"container\">\n\t\t\t\t<div class=\"elementor-element elementor-element-ee21945 sc_fly_static elementor-widget elementor-widget-image\" data-id=\"ee21945\" data-element_type=\"widget\" data-widget_type=\"image.default\">\n\t\t\t\t<div class=\"elementor-widget-container\">\n\t\t\t\t\t\t\t\t\t\t\t\t\t<img fetchpriority=\"high\" decoding=\"async\" width=\"768\" height=\"302\" src=\"https:\/\/yenikapiboatshow.com\/wp-content\/uploads\/2025\/12\/Adsiz-tasarim-2025-12-07T131549.130-768x302.png\" class=\"attachment-medium_large size-medium_large wp-image-22972\" alt=\"\" srcset=\"https:\/\/yenikapiboatshow.com\/wp-content\/uploads\/2025\/12\/Adsiz-tasarim-2025-12-07T131549.130-768x302.png 768w, https:\/\/yenikapiboatshow.com\/wp-content\/uploads\/2025\/12\/Adsiz-tasarim-2025-12-07T131549.130-300x118.png 300w, https:\/\/yenikapiboatshow.com\/wp-content\/uploads\/2025\/12\/Adsiz-tasarim-2025-12-07T131549.130-1024x403.png 1024w, https:\/\/yenikapiboatshow.com\/wp-content\/uploads\/2025\/12\/Adsiz-tasarim-2025-12-07T131549.130-1536x604.png 1536w, https:\/\/yenikapiboatshow.com\/wp-content\/uploads\/2025\/12\/Adsiz-tasarim-2025-12-07T131549.130-2048x806.png 2048w, https:\/\/yenikapiboatshow.com\/wp-content\/uploads\/2025\/12\/Adsiz-tasarim-2025-12-07T131549.130-18x7.png 18w, https:\/\/yenikapiboatshow.com\/wp-content\/uploads\/2025\/12\/Adsiz-tasarim-2025-12-07T131549.130-370x146.png 370w, https:\/\/yenikapiboatshow.com\/wp-content\/uploads\/2025\/12\/Adsiz-tasarim-2025-12-07T131549.130-840x330.png 840w, https:\/\/yenikapiboatshow.com\/wp-content\/uploads\/2025\/12\/Adsiz-tasarim-2025-12-07T131549.130-410x161.png 410w\" sizes=\"(max-width: 768px) 100vw, 768px\" \/>\t\t\t\t\t\t\t\t\t\t\t\t\t<\/div>\n\t\t\t\t<\/div>\n\t\t\t\t<div class=\"elementor-element elementor-element-3dcf302 scheme_light sc_fly_static elementor-widget elementor-widget-trx_sc_button\" data-id=\"3dcf302\" data-element_type=\"widget\" data-widget_type=\"trx_sc_button.default\">\n\t\t\t\t<div class=\"elementor-widget-container\">\n\t\t\t<div\tclass=\"sc_item_button sc_button_wrap sc_align_center\" ><a href=\"\" class=\"sc_button sc_button_hover sc_button_size_normal sc_button_icon_left\" ><span class=\"sc_button_text\"><span class=\"sc_button_title\">Download<\/span><\/span><\/a><\/div>\t\t<\/div>\n\t\t\t\t<\/div>\n\t\t\t\t<div class=\"elementor-element elementor-element-5972ef7 sc_fly_static elementor-widget elementor-widget-image\" data-id=\"5972ef7\" data-element_type=\"widget\" data-widget_type=\"image.default\">\n\t\t\t\t<div class=\"elementor-widget-container\">\n\t\t\t\t\t\t\t\t\t\t\t\t\t<img decoding=\"async\" src=\"https:\/\/yenikapiboatshow.com\/wp-content\/uploads\/2025\/12\/Adsiz-tasarim-2025-12-07T131955.055-e1765102842421.png\" title=\"Ads\u0131z tasar\u0131m &#8211; 2025-12-07T131955.055\" alt=\"Ads\u0131z tasar\u0131m - 2025-12-07T131955.055\" loading=\"lazy\" \/>\t\t\t\t\t\t\t\t\t\t\t\t\t<\/div>\n\t\t\t\t<\/div>\n\t\t\t\t<div class=\"elementor-element elementor-element-5f26ff9 scheme_light sc_fly_static elementor-widget elementor-widget-trx_sc_button\" data-id=\"5f26ff9\" data-element_type=\"widget\" data-widget_type=\"trx_sc_button.default\">\n\t\t\t\t<div class=\"elementor-widget-container\">\n\t\t\t<div\tclass=\"sc_item_button sc_button_wrap sc_align_center\" ><a href=\"\" class=\"sc_button sc_button_hover sc_button_size_normal sc_button_icon_left\" ><span class=\"sc_button_text\"><span class=\"sc_button_title\">Download<\/span><\/span><\/a><\/div>\t\t<\/div>\n\t\t\t\t<\/div>\n\t\t\t\t<\/div>\n\t\t\t\t\t<\/div>\n\t\t\t\t<\/div>\n\t\t<div class=\"elementor-element elementor-element-24ad874 e-flex e-con-boxed sc_layouts_column_icons_position_left e-con e-parent\" data-id=\"24ad874\" data-element_type=\"container\">\n\t\t\t\t\t<div class=\"e-con-inner\">\n\t\t<div class=\"elementor-element elementor-element-2cd1fd5 e-con-full e-flex sc_layouts_column_icons_position_left e-con e-child\" data-id=\"2cd1fd5\" data-element_type=\"container\">\n\t\t\t\t<div class=\"elementor-element elementor-element-d153018 sc_fly_static elementor-widget elementor-widget-spacer\" data-id=\"d153018\" data-element_type=\"widget\" data-widget_type=\"spacer.default\">\n\t\t\t\t<div class=\"elementor-widget-container\">\n\t\t\t\t\t<div class=\"elementor-spacer\">\n\t\t\t<div class=\"elementor-spacer-inner\"><\/div>\n\t\t<\/div>\n\t\t\t\t<\/div>\n\t\t\t\t<\/div>\n\t\t\t\t<div class=\"elementor-element elementor-element-0420e45 sc_fly_static elementor-widget elementor-widget-image\" data-id=\"0420e45\" data-element_type=\"widget\" data-widget_type=\"image.default\">\n\t\t\t\t<div class=\"elementor-widget-container\">\n\t\t\t\t\t\t\t\t\t\t\t\t\t<img decoding=\"async\" width=\"300\" height=\"123\" src=\"https:\/\/yenikapiboatshow.com\/wp-content\/uploads\/2024\/11\/ARTIFUAR-LOGO-png-1-300x123.png\" class=\"attachment-medium size-medium wp-image-21712\" alt=\"\" srcset=\"https:\/\/yenikapiboatshow.com\/wp-content\/uploads\/2024\/11\/ARTIFUAR-LOGO-png-1-300x123.png 300w, https:\/\/yenikapiboatshow.com\/wp-content\/uploads\/2024\/11\/ARTIFUAR-LOGO-png-1-1024x420.png 1024w, https:\/\/yenikapiboatshow.com\/wp-content\/uploads\/2024\/11\/ARTIFUAR-LOGO-png-1-768x315.png 768w, https:\/\/yenikapiboatshow.com\/wp-content\/uploads\/2024\/11\/ARTIFUAR-LOGO-png-1-370x152.png 370w, https:\/\/yenikapiboatshow.com\/wp-content\/uploads\/2024\/11\/ARTIFUAR-LOGO-png-1-840x344.png 840w, https:\/\/yenikapiboatshow.com\/wp-content\/uploads\/2024\/11\/ARTIFUAR-LOGO-png-1-410x168.png 410w, https:\/\/yenikapiboatshow.com\/wp-content\/uploads\/2024\/11\/ARTIFUAR-LOGO-png-1-600x246.png 600w, https:\/\/yenikapiboatshow.com\/wp-content\/uploads\/2024\/11\/ARTIFUAR-LOGO-png-1.png 1471w\" sizes=\"(max-width: 300px) 100vw, 300px\" \/>\t\t\t\t\t\t\t\t\t\t\t\t\t<\/div>\n\t\t\t\t<\/div>\n\t\t\t\t<div class=\"elementor-element elementor-element-cb54008 sc_fly_static elementor-widget elementor-widget-spacer\" data-id=\"cb54008\" data-element_type=\"widget\" data-widget_type=\"spacer.default\">\n\t\t\t\t<div class=\"elementor-widget-container\">\n\t\t\t\t\t<div class=\"elementor-spacer\">\n\t\t\t<div class=\"elementor-spacer-inner\"><\/div>\n\t\t<\/div>\n\t\t\t\t<\/div>\n\t\t\t\t<\/div>\n\t\t\t\t<div class=\"elementor-element elementor-element-71afa0b scheme_light sc_fly_static elementor-widget elementor-widget-trx_sc_button\" data-id=\"71afa0b\" data-element_type=\"widget\" data-widget_type=\"trx_sc_button.default\">\n\t\t\t\t<div class=\"elementor-widget-container\">\n\t\t\t<div\tclass=\"sc_item_button sc_button_wrap sc_align_center\" ><a href=\"\" class=\"sc_button sc_button_hover sc_button_size_normal sc_button_icon_left\" ><span class=\"sc_button_text\"><span class=\"sc_button_title\">Download<\/span><\/span><\/a><\/div>\t\t<\/div>\n\t\t\t\t<\/div>\n\t\t\t\t<\/div>\n\t\t<div class=\"elementor-element elementor-element-36c0d9d e-con-full e-flex sc_layouts_column_icons_position_left e-con e-child\" data-id=\"36c0d9d\" data-element_type=\"container\">\n\t\t\t\t<div class=\"elementor-element elementor-element-6d8852f sc_fly_static elementor-widget elementor-widget-image\" data-id=\"6d8852f\" data-element_type=\"widget\" data-widget_type=\"image.default\">\n\t\t\t\t<div class=\"elementor-widget-container\">\n\t\t\t\t\t\t\t\t\t\t\t\t\t<img decoding=\"async\" width=\"300\" height=\"259\" src=\"https:\/\/yenikapiboatshow.com\/wp-content\/uploads\/2025\/12\/Adsiz-tasarim-2025-12-07T132227.441-e1765103018359-300x259.png\" class=\"attachment-medium size-medium wp-image-22975\" alt=\"\" srcset=\"https:\/\/yenikapiboatshow.com\/wp-content\/uploads\/2025\/12\/Adsiz-tasarim-2025-12-07T132227.441-e1765103018359-300x259.png 300w, https:\/\/yenikapiboatshow.com\/wp-content\/uploads\/2025\/12\/Adsiz-tasarim-2025-12-07T132227.441-e1765103018359-768x664.png 768w, https:\/\/yenikapiboatshow.com\/wp-content\/uploads\/2025\/12\/Adsiz-tasarim-2025-12-07T132227.441-e1765103018359-14x12.png 14w, https:\/\/yenikapiboatshow.com\/wp-content\/uploads\/2025\/12\/Adsiz-tasarim-2025-12-07T132227.441-e1765103018359-370x320.png 370w, https:\/\/yenikapiboatshow.com\/wp-content\/uploads\/2025\/12\/Adsiz-tasarim-2025-12-07T132227.441-e1765103018359-410x355.png 410w, https:\/\/yenikapiboatshow.com\/wp-content\/uploads\/2025\/12\/Adsiz-tasarim-2025-12-07T132227.441-e1765103018359.png 798w\" sizes=\"(max-width: 300px) 100vw, 300px\" \/>\t\t\t\t\t\t\t\t\t\t\t\t\t<\/div>\n\t\t\t\t<\/div>\n\t\t\t\t<div class=\"elementor-element elementor-element-2b5a8ce scheme_light sc_fly_static elementor-widget elementor-widget-trx_sc_button\" data-id=\"2b5a8ce\" data-element_type=\"widget\" data-widget_type=\"trx_sc_button.default\">\n\t\t\t\t<div class=\"elementor-widget-container\">\n\t\t\t<div\tclass=\"sc_item_button sc_button_wrap sc_align_center\" ><a href=\"\" class=\"sc_button sc_button_hover sc_button_size_normal sc_button_icon_left\" ><span class=\"sc_button_text\"><span class=\"sc_button_title\">Download<\/span><\/span><\/a><\/div>\t\t<\/div>\n\t\t\t\t<\/div>\n\t\t\t\t<\/div>\n\t\t\t\t\t<\/div>\n\t\t\t\t<\/div>\n\t\t<div class=\"e-con-gap-no elementor-element elementor-element-02ef675 e-flex e-con-boxed sc_layouts_column_icons_position_left e-con e-parent\" data-id=\"02ef675\" data-element_type=\"container\">\n\t\t\t\t\t<div class=\"e-con-inner\">\n\t\t\t\t\t<\/div>\n\t\t\t\t<\/div>\n\t\t\t\t<\/div>","protected":false},"excerpt":{"rendered":"<p>\u0130ndir \u0130ndir \u0130ndir \u0130ndir<\/p>","protected":false},"author":1,"featured_media":0,"parent":0,"menu_order":0,"comment_status":"closed","ping_status":"closed","template":"","meta":{"_eb_attr":"","footnotes":""},"class_list":["post-21575","page","type-page","status-publish","hentry"],"_links":{"self":[{"href":"https:\/\/yenikapiboatshow.com\/en\/wp-json\/wp\/v2\/pages\/21575","targetHints":{"allow":["GET"]}}],"collection":[{"href":"https:\/\/yenikapiboatshow.com\/en\/wp-json\/wp\/v2\/pages"}],"about":[{"href":"https:\/\/yenikapiboatshow.com\/en\/wp-json\/wp\/v2\/types\/page"}],"author":[{"embeddable":true,"href":"https:\/\/yenikapiboatshow.com\/en\/wp-json\/wp\/v2\/users\/1"}],"replies":[{"embeddable":true,"href":"https:\/\/yenikapiboatshow.com\/en\/wp-json\/wp\/v2\/comments?post=21575"}],"version-history":[{"count":76,"href":"https:\/\/yenikapiboatshow.com\/en\/wp-json\/wp\/v2\/pages\/21575\/revisions"}],"predecessor-version":[{"id":22985,"href":"https:\/\/yenikapiboatshow.com\/en\/wp-json\/wp\/v2\/pages\/21575\/revisions\/22985"}],"wp:attachment":[{"href":"https:\/\/yenikapiboatshow.com\/en\/wp-json\/wp\/v2\/media?parent=21575"}],"curies":[{"name":"wp","href":"https:\/\/api.w.org\/{rel}","templated":true}]}}