{"id":20508,"date":"2024-11-03T20:58:30","date_gmt":"2024-11-03T20:58:30","guid":{"rendered":"https:\/\/yenikapiboatshow.com\/?page_id=20508"},"modified":"2024-12-18T15:33:08","modified_gmt":"2024-12-18T12:33:08","slug":"fuar-alani","status":"publish","type":"page","link":"https:\/\/yenikapiboatshow.com\/en\/exhibition-area\/","title":{"rendered":"Exhibition Area"},"content":{"rendered":"<div data-elementor-type=\"wp-page\" data-elementor-id=\"20508\" class=\"elementor elementor-20508\" data-elementor-post-type=\"page\">\n\t\t\t\t<div class=\"elementor-element elementor-element-44d4a4b e-flex e-con-boxed sc_layouts_column_icons_position_left e-con e-parent\" data-id=\"44d4a4b\" data-element_type=\"container\">\n\t\t\t\t\t<div class=\"e-con-inner\">\n\t\t\t\t<div class=\"elementor-element elementor-element-39019d9 sc_fly_static elementor-widget elementor-widget-image\" data-id=\"39019d9\" data-element_type=\"widget\" data-widget_type=\"image.default\">\n\t\t\t\t<div class=\"elementor-widget-container\">\n\t\t\t\t\t\t\t\t\t\t\t\t\t<img fetchpriority=\"high\" decoding=\"async\" width=\"1024\" height=\"515\" src=\"https:\/\/yenikapiboatshow.com\/wp-content\/uploads\/2024\/12\/Ekran-Resmi-2024-12-18-15.32.50-1024x515.png\" class=\"attachment-large size-large wp-image-22916\" alt=\"\" srcset=\"https:\/\/yenikapiboatshow.com\/wp-content\/uploads\/2024\/12\/Ekran-Resmi-2024-12-18-15.32.50-1024x515.png 1024w, https:\/\/yenikapiboatshow.com\/wp-content\/uploads\/2024\/12\/Ekran-Resmi-2024-12-18-15.32.50-300x151.png 300w, https:\/\/yenikapiboatshow.com\/wp-content\/uploads\/2024\/12\/Ekran-Resmi-2024-12-18-15.32.50-768x386.png 768w, https:\/\/yenikapiboatshow.com\/wp-content\/uploads\/2024\/12\/Ekran-Resmi-2024-12-18-15.32.50-1536x772.png 1536w, https:\/\/yenikapiboatshow.com\/wp-content\/uploads\/2024\/12\/Ekran-Resmi-2024-12-18-15.32.50-2048x1029.png 2048w, https:\/\/yenikapiboatshow.com\/wp-content\/uploads\/2024\/12\/Ekran-Resmi-2024-12-18-15.32.50-18x9.png 18w, https:\/\/yenikapiboatshow.com\/wp-content\/uploads\/2024\/12\/Ekran-Resmi-2024-12-18-15.32.50-370x186.png 370w, https:\/\/yenikapiboatshow.com\/wp-content\/uploads\/2024\/12\/Ekran-Resmi-2024-12-18-15.32.50-840x422.png 840w, https:\/\/yenikapiboatshow.com\/wp-content\/uploads\/2024\/12\/Ekran-Resmi-2024-12-18-15.32.50-410x206.png 410w\" sizes=\"(max-width: 1024px) 100vw, 1024px\" \/>\t\t\t\t\t\t\t\t\t\t\t\t\t<\/div>\n\t\t\t\t<\/div>\n\t\t\t\t\t<\/div>\n\t\t\t\t<\/div>\n\t\t<div class=\"elementor-element elementor-element-42ad273 e-flex e-con-boxed sc_layouts_column_icons_position_left e-con e-parent\" data-id=\"42ad273\" data-element_type=\"container\">\n\t\t\t\t\t<div class=\"e-con-inner\">\n\t\t\t\t<div class=\"elementor-element elementor-element-fd093e8 sc_fly_static elementor-widget elementor-widget-image\" data-id=\"fd093e8\" data-element_type=\"widget\" data-widget_type=\"image.default\">\n\t\t\t\t<div class=\"elementor-widget-container\">\n\t\t\t\t\t\t\t\t\t\t\t\t\t<img decoding=\"async\" width=\"768\" height=\"432\" src=\"https:\/\/yenikapiboatshow.com\/wp-content\/uploads\/2024\/11\/Yenikapi-Avrasya-Gosteri-ve-Sanat-Merkezi-768x432.jpg\" class=\"attachment-medium_large size-medium_large wp-image-21520\" alt=\"\" srcset=\"https:\/\/yenikapiboatshow.com\/wp-content\/uploads\/2024\/11\/Yenikapi-Avrasya-Gosteri-ve-Sanat-Merkezi-768x432.jpg 768w, https:\/\/yenikapiboatshow.com\/wp-content\/uploads\/2024\/11\/Yenikapi-Avrasya-Gosteri-ve-Sanat-Merkezi-300x169.jpg 300w, https:\/\/yenikapiboatshow.com\/wp-content\/uploads\/2024\/11\/Yenikapi-Avrasya-Gosteri-ve-Sanat-Merkezi-1024x576.jpg 1024w, https:\/\/yenikapiboatshow.com\/wp-content\/uploads\/2024\/11\/Yenikapi-Avrasya-Gosteri-ve-Sanat-Merkezi-370x208.jpg 370w, https:\/\/yenikapiboatshow.com\/wp-content\/uploads\/2024\/11\/Yenikapi-Avrasya-Gosteri-ve-Sanat-Merkezi-840x473.jpg 840w, https:\/\/yenikapiboatshow.com\/wp-content\/uploads\/2024\/11\/Yenikapi-Avrasya-Gosteri-ve-Sanat-Merkezi-410x231.jpg 410w, https:\/\/yenikapiboatshow.com\/wp-content\/uploads\/2024\/11\/Yenikapi-Avrasya-Gosteri-ve-Sanat-Merkezi-600x338.jpg 600w, https:\/\/yenikapiboatshow.com\/wp-content\/uploads\/2024\/11\/Yenikapi-Avrasya-Gosteri-ve-Sanat-Merkezi-270x152.jpg 270w, https:\/\/yenikapiboatshow.com\/wp-content\/uploads\/2024\/11\/Yenikapi-Avrasya-Gosteri-ve-Sanat-Merkezi.jpg 1200w\" sizes=\"(max-width: 768px) 100vw, 768px\" \/>\t\t\t\t\t\t\t\t\t\t\t\t\t<\/div>\n\t\t\t\t<\/div>\n\t\t\t\t\t<\/div>\n\t\t\t\t<\/div>\n\t\t<div class=\"elementor-element elementor-element-9dd2d99 e-flex e-con-boxed sc_layouts_column_icons_position_left e-con e-parent\" data-id=\"9dd2d99\" data-element_type=\"container\">\n\t\t\t\t\t<div class=\"e-con-inner\">\n\t\t\t\t<div class=\"elementor-element elementor-element-9e53025 sc_fly_static elementor-widget elementor-widget-trx_sc_title\" data-id=\"9e53025\" data-element_type=\"widget\" data-widget_type=\"trx_sc_title.default\">\n\t\t\t\t<div class=\"elementor-widget-container\">\n\t\t\t<div\t\tclass=\"sc_title sc_title_default\" ><h2 class=\"sc_item_title sc_title_title sc_align_center sc_item_title_style_default\"\n\t\t\t><span class=\"sc_item_title_text\">YEN\u0130KAPI EXPO CENTER<\/span><\/h2><div class=\"sc_item_descr sc_title_descr sc_align_center\"><p>The Most Modern Fairground of Turkey, Embracing the Marmara Region from the Sea and Land;<\/p>\n<p>it was built on an area of 40,000 m2, has a closed area of 15,000 m2 and a ceiling height of 10 mt.<\/p>\n<\/div><\/div>\t\t<\/div>\n\t\t\t\t<\/div>\n\t\t\t\t\t<\/div>\n\t\t\t\t<\/div>\n\t\t<div class=\"elementor-element elementor-element-59331ef e-flex e-con-boxed sc_layouts_column_icons_position_left e-con e-parent\" data-id=\"59331ef\" data-element_type=\"container\">\n\t\t\t\t\t<div class=\"e-con-inner\">\n\t\t\t\t<div class=\"elementor-element elementor-element-9ed830b sc_fly_static elementor-widget elementor-widget-image-gallery\" data-id=\"9ed830b\" data-element_type=\"widget\" data-widget_type=\"image-gallery.default\">\n\t\t\t\t<div class=\"elementor-widget-container\">\n\t\t\t\t\t<div class=\"elementor-image-gallery\">\n\t\t\t<div id='gallery-1' class='gallery galleryid-20508 gallery-columns-4 gallery-size-large'><figure class='gallery-item'>\n\t\t\t<div class='gallery-icon landscape'>\n\t\t\t\t<a data-elementor-open-lightbox=\"yes\" data-elementor-lightbox-slideshow=\"9ed830b\" data-e-action-hash=\"#elementor-action%3Aaction%3Dlightbox%26settings%3DeyJpZCI6MjE1MjcsInVybCI6Imh0dHBzOlwvXC95ZW5pa2FwaWJvYXRzaG93LmNvbVwvd3AtY29udGVudFwvdXBsb2Fkc1wvMjAyNFwvMTFcLzItNS5qcGciLCJzbGlkZXNob3ciOiI5ZWQ4MzBiIn0%3D\" href='https:\/\/yenikapiboatshow.com\/wp-content\/uploads\/2024\/11\/2-5.jpg'><img decoding=\"async\" width=\"1024\" height=\"682\" src=\"https:\/\/yenikapiboatshow.com\/wp-content\/uploads\/2024\/11\/2-5-1024x682.jpg\" class=\"attachment-large size-large\" alt=\"\" srcset=\"https:\/\/yenikapiboatshow.com\/wp-content\/uploads\/2024\/11\/2-5-1024x682.jpg 1024w, https:\/\/yenikapiboatshow.com\/wp-content\/uploads\/2024\/11\/2-5-300x200.jpg 300w, https:\/\/yenikapiboatshow.com\/wp-content\/uploads\/2024\/11\/2-5-768x512.jpg 768w, https:\/\/yenikapiboatshow.com\/wp-content\/uploads\/2024\/11\/2-5-370x247.jpg 370w, https:\/\/yenikapiboatshow.com\/wp-content\/uploads\/2024\/11\/2-5-840x560.jpg 840w, https:\/\/yenikapiboatshow.com\/wp-content\/uploads\/2024\/11\/2-5-410x273.jpg 410w, https:\/\/yenikapiboatshow.com\/wp-content\/uploads\/2024\/11\/2-5-600x400.jpg 600w, https:\/\/yenikapiboatshow.com\/wp-content\/uploads\/2024\/11\/2-5.jpg 1280w\" sizes=\"(max-width: 1024px) 100vw, 1024px\" \/><\/a>\n\t\t\t<\/div><\/figure><figure class='gallery-item'>\n\t\t\t<div class='gallery-icon landscape'>\n\t\t\t\t<a data-elementor-open-lightbox=\"yes\" data-elementor-lightbox-slideshow=\"9ed830b\" data-e-action-hash=\"#elementor-action%3Aaction%3Dlightbox%26settings%3DeyJpZCI6MjE1MjgsInVybCI6Imh0dHBzOlwvXC95ZW5pa2FwaWJvYXRzaG93LmNvbVwvd3AtY29udGVudFwvdXBsb2Fkc1wvMjAyNFwvMTFcLzEtMi5qcGciLCJzbGlkZXNob3ciOiI5ZWQ4MzBiIn0%3D\" href='https:\/\/yenikapiboatshow.com\/wp-content\/uploads\/2024\/11\/1-2.jpg'><img loading=\"lazy\" decoding=\"async\" width=\"1024\" height=\"682\" src=\"https:\/\/yenikapiboatshow.com\/wp-content\/uploads\/2024\/11\/1-2-1024x682.jpg\" class=\"attachment-large size-large\" alt=\"\" srcset=\"https:\/\/yenikapiboatshow.com\/wp-content\/uploads\/2024\/11\/1-2-1024x682.jpg 1024w, https:\/\/yenikapiboatshow.com\/wp-content\/uploads\/2024\/11\/1-2-300x200.jpg 300w, https:\/\/yenikapiboatshow.com\/wp-content\/uploads\/2024\/11\/1-2-768x512.jpg 768w, https:\/\/yenikapiboatshow.com\/wp-content\/uploads\/2024\/11\/1-2-370x247.jpg 370w, https:\/\/yenikapiboatshow.com\/wp-content\/uploads\/2024\/11\/1-2-840x560.jpg 840w, https:\/\/yenikapiboatshow.com\/wp-content\/uploads\/2024\/11\/1-2-410x273.jpg 410w, https:\/\/yenikapiboatshow.com\/wp-content\/uploads\/2024\/11\/1-2-600x400.jpg 600w, https:\/\/yenikapiboatshow.com\/wp-content\/uploads\/2024\/11\/1-2.jpg 1280w\" sizes=\"(max-width: 1024px) 100vw, 1024px\" \/><\/a>\n\t\t\t<\/div><\/figure><figure class='gallery-item'>\n\t\t\t<div class='gallery-icon landscape'>\n\t\t\t\t<a data-elementor-open-lightbox=\"yes\" data-elementor-lightbox-slideshow=\"9ed830b\" data-e-action-hash=\"#elementor-action%3Aaction%3Dlightbox%26settings%3DeyJpZCI6MjE1MjksInVybCI6Imh0dHBzOlwvXC95ZW5pa2FwaWJvYXRzaG93LmNvbVwvd3AtY29udGVudFwvdXBsb2Fkc1wvMjAyNFwvMTFcLzMtMy5qcGciLCJzbGlkZXNob3ciOiI5ZWQ4MzBiIn0%3D\" href='https:\/\/yenikapiboatshow.com\/wp-content\/uploads\/2024\/11\/3-3.jpg'><img loading=\"lazy\" decoding=\"async\" width=\"1024\" height=\"682\" src=\"https:\/\/yenikapiboatshow.com\/wp-content\/uploads\/2024\/11\/3-3-1024x682.jpg\" class=\"attachment-large size-large\" alt=\"\" srcset=\"https:\/\/yenikapiboatshow.com\/wp-content\/uploads\/2024\/11\/3-3-1024x682.jpg 1024w, https:\/\/yenikapiboatshow.com\/wp-content\/uploads\/2024\/11\/3-3-300x200.jpg 300w, https:\/\/yenikapiboatshow.com\/wp-content\/uploads\/2024\/11\/3-3-768x512.jpg 768w, https:\/\/yenikapiboatshow.com\/wp-content\/uploads\/2024\/11\/3-3-370x247.jpg 370w, https:\/\/yenikapiboatshow.com\/wp-content\/uploads\/2024\/11\/3-3-840x560.jpg 840w, https:\/\/yenikapiboatshow.com\/wp-content\/uploads\/2024\/11\/3-3-410x273.jpg 410w, https:\/\/yenikapiboatshow.com\/wp-content\/uploads\/2024\/11\/3-3-600x400.jpg 600w, https:\/\/yenikapiboatshow.com\/wp-content\/uploads\/2024\/11\/3-3.jpg 1280w\" sizes=\"(max-width: 1024px) 100vw, 1024px\" \/><\/a>\n\t\t\t<\/div><\/figure><figure class='gallery-item'>\n\t\t\t<div class='gallery-icon landscape'>\n\t\t\t\t<a data-elementor-open-lightbox=\"yes\" data-elementor-lightbox-slideshow=\"9ed830b\" data-e-action-hash=\"#elementor-action%3Aaction%3Dlightbox%26settings%3DeyJpZCI6MjE1MzAsInVybCI6Imh0dHBzOlwvXC95ZW5pa2FwaWJvYXRzaG93LmNvbVwvd3AtY29udGVudFwvdXBsb2Fkc1wvMjAyNFwvMTFcLzQtMi5qcGciLCJzbGlkZXNob3ciOiI5ZWQ4MzBiIn0%3D\" href='https:\/\/yenikapiboatshow.com\/wp-content\/uploads\/2024\/11\/4-2.jpg'><img loading=\"lazy\" decoding=\"async\" width=\"1024\" height=\"682\" src=\"https:\/\/yenikapiboatshow.com\/wp-content\/uploads\/2024\/11\/4-2-1024x682.jpg\" class=\"attachment-large size-large\" alt=\"\" srcset=\"https:\/\/yenikapiboatshow.com\/wp-content\/uploads\/2024\/11\/4-2-1024x682.jpg 1024w, https:\/\/yenikapiboatshow.com\/wp-content\/uploads\/2024\/11\/4-2-300x200.jpg 300w, https:\/\/yenikapiboatshow.com\/wp-content\/uploads\/2024\/11\/4-2-768x512.jpg 768w, https:\/\/yenikapiboatshow.com\/wp-content\/uploads\/2024\/11\/4-2-370x247.jpg 370w, https:\/\/yenikapiboatshow.com\/wp-content\/uploads\/2024\/11\/4-2-840x560.jpg 840w, https:\/\/yenikapiboatshow.com\/wp-content\/uploads\/2024\/11\/4-2-410x273.jpg 410w, https:\/\/yenikapiboatshow.com\/wp-content\/uploads\/2024\/11\/4-2-600x400.jpg 600w, https:\/\/yenikapiboatshow.com\/wp-content\/uploads\/2024\/11\/4-2.jpg 1280w\" sizes=\"(max-width: 1024px) 100vw, 1024px\" \/><\/a>\n\t\t\t<\/div><\/figure>\n\t\t<\/div>\n\t\t<\/div>\n\t\t\t\t<\/div>\n\t\t\t\t<\/div>\n\t\t\t\t\t<\/div>\n\t\t\t\t<\/div>\n\t\t<div class=\"elementor-element elementor-element-6515c25 e-flex e-con-boxed sc_layouts_column_icons_position_left e-con e-parent\" data-id=\"6515c25\" data-element_type=\"container\">\n\t\t\t\t\t<div class=\"e-con-inner\">\n\t\t\t\t<div class=\"elementor-element elementor-element-0b653ad sc_fly_static elementor-widget elementor-widget-google_maps\" data-id=\"0b653ad\" data-element_type=\"widget\" data-widget_type=\"google_maps.default\">\n\t\t\t\t<div class=\"elementor-widget-container\">\n\t\t\t\t\t<div class=\"elementor-custom-embed\">\n\t\t\t<iframe loading=\"lazy\"\n\t\t\t\t\tsrc=\"https:\/\/maps.google.com\/maps?q=Avrasya%20Show%20and%20Art%20Center&#038;t=m&#038;z=16&#038;output=embed&#038;iwloc=near\"\n\t\t\t\t\ttitle=\"Avrasya Show and Art Center\"\n\t\t\t\t\taria-label=\"Avrasya Show and Art Center\"\n\t\t\t><\/iframe>\n\t\t<\/div>\n\t\t\t\t<\/div>\n\t\t\t\t<\/div>\n\t\t\t\t\t<\/div>\n\t\t\t\t<\/div>\n\t\t<div class=\"e-con-gap-no elementor-element elementor-element-512b978 e-flex e-con-boxed sc_layouts_column_icons_position_left e-con e-parent\" data-id=\"512b978\" data-element_type=\"container\">\n\t\t\t\t\t<div class=\"e-con-inner\">\n\t\t\t\t\t<\/div>\n\t\t\t\t<\/div>\n\t\t\t\t<\/div>","protected":false},"excerpt":{"rendered":"<p>YEN\u0130KAPI EXPO CENTER Marmara B\u00f6lgesini Denizden ve Karadan Kucaklayan, T\u00fcrkiye\u2019nin En Modern Fuar Alan\u0131; 40.000 m\u00b2 lik alana in\u015faa edilmi\u015f olup, 15.000 m\u00b2 kapal\u0131 alana ve 10 mt tavan y\u00fcksekli\u011fine&hellip;<\/p>","protected":false},"author":1,"featured_media":0,"parent":0,"menu_order":0,"comment_status":"closed","ping_status":"closed","template":"elementor_header_footer","meta":{"_eb_attr":"","footnotes":""},"class_list":["post-20508","page","type-page","status-publish","hentry"],"_links":{"self":[{"href":"https:\/\/yenikapiboatshow.com\/en\/wp-json\/wp\/v2\/pages\/20508","targetHints":{"allow":["GET"]}}],"collection":[{"href":"https:\/\/yenikapiboatshow.com\/en\/wp-json\/wp\/v2\/pages"}],"about":[{"href":"https:\/\/yenikapiboatshow.com\/en\/wp-json\/wp\/v2\/types\/page"}],"author":[{"embeddable":true,"href":"https:\/\/yenikapiboatshow.com\/en\/wp-json\/wp\/v2\/users\/1"}],"replies":[{"embeddable":true,"href":"https:\/\/yenikapiboatshow.com\/en\/wp-json\/wp\/v2\/comments?post=20508"}],"version-history":[{"count":58,"href":"https:\/\/yenikapiboatshow.com\/en\/wp-json\/wp\/v2\/pages\/20508\/revisions"}],"predecessor-version":[{"id":22919,"href":"https:\/\/yenikapiboatshow.com\/en\/wp-json\/wp\/v2\/pages\/20508\/revisions\/22919"}],"wp:attachment":[{"href":"https:\/\/yenikapiboatshow.com\/en\/wp-json\/wp\/v2\/media?parent=20508"}],"curies":[{"name":"wp","href":"https:\/\/api.w.org\/{rel}","templated":true}]}}