{"id":20363,"date":"2024-11-01T21:49:12","date_gmt":"2024-11-01T21:49:12","guid":{"rendered":"https:\/\/yenikapiboatshow.com\/?page_id=20363"},"modified":"2025-11-13T16:53:26","modified_gmt":"2025-11-13T13:53:26","slug":"sponsorluk-firsatlari","status":"publish","type":"page","link":"https:\/\/yenikapiboatshow.com\/en\/sponsorship-opportunities\/","title":{"rendered":"Sponsorship Opportunities"},"content":{"rendered":"<div data-elementor-type=\"wp-page\" data-elementor-id=\"20363\" class=\"elementor elementor-20363\" data-elementor-post-type=\"page\">\n\t\t\t\t<div class=\"elementor-element elementor-element-cb6fd60 e-flex e-con-boxed sc_layouts_column_icons_position_left e-con e-parent\" data-id=\"cb6fd60\" data-element_type=\"container\">\n\t\t\t\t\t<div class=\"e-con-inner\">\n\t\t\t\t<div class=\"elementor-element elementor-element-5b3cbcb sc_fly_static elementor-widget elementor-widget-heading\" data-id=\"5b3cbcb\" data-element_type=\"widget\" data-widget_type=\"heading.default\">\n\t\t\t\t<div class=\"elementor-widget-container\">\n\t\t\t<h2 class=\"elementor-heading-title elementor-size-default\">Sponsorship Opportunities<\/h2>\t\t<\/div>\n\t\t\t\t<\/div>\n\t\t\t\t\t<\/div>\n\t\t\t\t<\/div>\n\t\t<div class=\"elementor-element elementor-element-7c2082f e-flex e-con-boxed sc_layouts_column_icons_position_left e-con e-parent\" data-id=\"7c2082f\" data-element_type=\"container\">\n\t\t\t\t\t<div class=\"e-con-inner\">\n\t\t<div class=\"elementor-element elementor-element-cf601b6 e-grid e-con-boxed sc_layouts_column_icons_position_left e-con e-child\" data-id=\"cf601b6\" data-element_type=\"container\">\n\t\t\t\t\t<div class=\"e-con-inner\">\n\t\t\t\t<div class=\"elementor-element elementor-element-89b4f73 sc_fly_static elementor-widget elementor-widget-text-editor\" data-id=\"89b4f73\" data-element_type=\"widget\" data-widget_type=\"text-editor.default\">\n\t\t\t\t<div class=\"elementor-widget-container\">\n\t\t\t\t\t\t\t<p class=\"s2\">The Yenikap\u0131 Expo Center, designed as Europe's most modern exhibition center and creating global trade platforms for key industries, also offers highly effective promotional opportunities through its advertising and sponsorship areas.<\/p><p class=\"s2\">The Yenikap\u0131 Expo Center, which provides significant advantages to participating companies through its sponsorship and advertising areas, includes options such as \"Hall Name Sponsorship,\" \"Door-Top, Foyer Area, Hall Entrances, and Counter-Top Advertising.\" The \"Lanyard Sponsorship\" offers a highly effective and real interaction, as it allows all visitors attending the event to wear the sponsor's branding around their necks throughout the duration of the fair.<\/p>\t\t\t\t\t\t<\/div>\n\t\t\t\t<\/div>\n\t\t\t\t<div class=\"elementor-element elementor-element-1c17f0c sc_fly_static elementor-widget elementor-widget-image\" data-id=\"1c17f0c\" data-element_type=\"widget\" data-widget_type=\"image.default\">\n\t\t\t\t<div class=\"elementor-widget-container\">\n\t\t\t\t\t\t\t\t\t\t\t\t\t<img fetchpriority=\"high\" decoding=\"async\" width=\"819\" height=\"1024\" src=\"https:\/\/yenikapiboatshow.com\/wp-content\/uploads\/2025\/11\/WhatsApp-Gorsel-2025-11-07-saat-11.59.28_72292439-819x1024.jpg\" class=\"attachment-large size-large wp-image-22934\" alt=\"\" srcset=\"https:\/\/yenikapiboatshow.com\/wp-content\/uploads\/2025\/11\/WhatsApp-Gorsel-2025-11-07-saat-11.59.28_72292439-819x1024.jpg 819w, https:\/\/yenikapiboatshow.com\/wp-content\/uploads\/2025\/11\/WhatsApp-Gorsel-2025-11-07-saat-11.59.28_72292439-240x300.jpg 240w, https:\/\/yenikapiboatshow.com\/wp-content\/uploads\/2025\/11\/WhatsApp-Gorsel-2025-11-07-saat-11.59.28_72292439-768x960.jpg 768w, https:\/\/yenikapiboatshow.com\/wp-content\/uploads\/2025\/11\/WhatsApp-Gorsel-2025-11-07-saat-11.59.28_72292439-10x12.jpg 10w, https:\/\/yenikapiboatshow.com\/wp-content\/uploads\/2025\/11\/WhatsApp-Gorsel-2025-11-07-saat-11.59.28_72292439-370x463.jpg 370w, https:\/\/yenikapiboatshow.com\/wp-content\/uploads\/2025\/11\/WhatsApp-Gorsel-2025-11-07-saat-11.59.28_72292439-840x1050.jpg 840w, https:\/\/yenikapiboatshow.com\/wp-content\/uploads\/2025\/11\/WhatsApp-Gorsel-2025-11-07-saat-11.59.28_72292439-410x513.jpg 410w, https:\/\/yenikapiboatshow.com\/wp-content\/uploads\/2025\/11\/WhatsApp-Gorsel-2025-11-07-saat-11.59.28_72292439.jpg 1080w\" sizes=\"(max-width: 819px) 100vw, 819px\" \/>\t\t\t\t\t\t\t\t\t\t\t\t\t<\/div>\n\t\t\t\t<\/div>\n\t\t\t\t\t<\/div>\n\t\t\t\t<\/div>\n\t\t\t\t\t<\/div>\n\t\t\t\t<\/div>\n\t\t<div class=\"e-con-gap-no elementor-element elementor-element-225c62c e-flex e-con-boxed sc_layouts_column_icons_position_left e-con e-parent\" data-id=\"225c62c\" data-element_type=\"container\" data-settings=\"{&quot;background_background&quot;:&quot;classic&quot;}\">\n\t\t\t\t\t<div class=\"e-con-inner\">\n\t\t<div class=\"elementor-element elementor-element-2b96467 e-con-full e-flex sc_layouts_column_icons_position_left e-con e-child\" data-id=\"2b96467\" data-element_type=\"container\">\n\t\t\t\t<div class=\"elementor-element elementor-element-536bc9e sc_fly_static elementor-widget elementor-widget-trx_sc_contact_form_7\" data-id=\"536bc9e\" data-element_type=\"widget\" data-widget_type=\"trx_sc_contact_form_7.default\">\n\t\t\t\t<div class=\"elementor-widget-container\">\n\t\t\t\n<div class=\"wpcf7 no-js\" id=\"wpcf7-f20460-o1\" lang=\"en-US\" dir=\"ltr\">\n<div class=\"screen-reader-response\"><p role=\"status\" aria-live=\"polite\" aria-atomic=\"true\"><\/p> <ul><\/ul><\/div>\n<form action=\"\/wp-json\/wp\/v2\/pages\/20363\" method=\"post\" class=\"wpcf7-form init\" aria-label=\"Contact form\" novalidate=\"novalidate\" data-status=\"init\" data-trp-original-action=\"\/en\/wp-json\/wp\/v2\/pages\/20363#wpcf7-f20460-o1\">\n<div style=\"display: none;\">\n<input type=\"hidden\" name=\"_wpcf7\" value=\"20460\" \/>\n<input type=\"hidden\" name=\"_wpcf7_version\" value=\"5.9.8\" \/>\n<input type=\"hidden\" name=\"_wpcf7_locale\" value=\"en_US\" \/>\n<input type=\"hidden\" name=\"_wpcf7_unit_tag\" value=\"wpcf7-f20460-o1\" \/>\n<input type=\"hidden\" name=\"_wpcf7_container_post\" value=\"0\" \/>\n<input type=\"hidden\" name=\"_wpcf7_posted_data_hash\" value=\"\" \/>\n<\/div>\n<div class=\"form-style-7\">\n\t<div class=\"columns_wrap\">\n\t\t<div class=\"column-1_1\">\n\t\t\t<p><span class=\"style-line icon-subject\"><span class=\"wpcf7-form-control-wrap\" data-name=\"firma-adi\"><input size=\"40\" maxlength=\"400\" class=\"wpcf7-form-control wpcf7-text wpcf7-validates-as-required\" aria-required=\"true\" aria-invalid=\"false\" placeholder=\"Company Name\" value=\"\" type=\"text\" name=\"firma-adi\" \/><\/span><\/span>\n\t\t\t<\/p>\n\t\t<\/div>\n\t\t<div class=\"column-1_1\">\n\t\t\t<p><span class=\"style-line icon-phone\"><span class=\"wpcf7-form-control-wrap\" data-name=\"tel\"><input size=\"40\" maxlength=\"400\" class=\"wpcf7-form-control wpcf7-tel wpcf7-validates-as-required wpcf7-text wpcf7-validates-as-tel\" aria-required=\"true\" aria-invalid=\"false\" placeholder=\"Phone\" value=\"\" type=\"tel\" name=\"tel\" \/><\/span><\/span>\n\t\t\t<\/p>\n\t\t<\/div>\n\t\t<div class=\"column-1_1\">\n\t\t\t<p><span class=\"style-line icon-email\"><span class=\"wpcf7-form-control-wrap\" data-name=\"email\"><input size=\"40\" maxlength=\"400\" class=\"wpcf7-form-control wpcf7-email wpcf7-validates-as-required wpcf7-text wpcf7-validates-as-email\" aria-required=\"true\" aria-invalid=\"false\" placeholder=\"Email\" value=\"\" type=\"email\" name=\"email\" \/><\/span><\/span>\n\t\t\t<\/p>\n\t\t<\/div>\n\t\t<div class=\"column-1_1\">\n\t\t\t<p><span class=\"style-line icon-name\"><span class=\"wpcf7-form-control-wrap\" data-name=\"yetkili-kisi\"><input size=\"40\" maxlength=\"400\" class=\"wpcf7-form-control wpcf7-text wpcf7-validates-as-required\" aria-required=\"true\" aria-invalid=\"false\" placeholder=\"Name and Title of the Authorized Person\" value=\"\" type=\"text\" name=\"yetkili-kisi\" \/><\/span><\/span>\n\t\t\t<\/p>\n\t\t<\/div>\n\t\t<div class=\"column-1_1\">\n\t\t\t<p><span class=\"style-line icon-textarea\"><span class=\"wpcf7-form-control-wrap\" data-name=\"butce\"><textarea cols=\"40\" rows=\"10\" maxlength=\"2000\" class=\"wpcf7-form-control wpcf7-textarea\" aria-invalid=\"false\" placeholder=\"Estimated Budget Range Allocated for Sponsorship\" name=\"butce\"><\/textarea><\/span><\/span>\n\t\t\t<\/p>\n\t\t<\/div>\n\t<\/div>\n\t<div class=\"columns_wrap margin-bottom\">\n\t\t<div class=\"column-1_1\">\n\t\t\t<p><span class=\"style-line icon-textarea\"><span class=\"wpcf7-form-control-wrap\" data-name=\"ozel-istek\"><textarea cols=\"40\" rows=\"10\" maxlength=\"2000\" class=\"wpcf7-form-control wpcf7-textarea\" aria-invalid=\"false\" placeholder=\"Special Booth Requests or Space Requirements (e.g., open\/closed area, square meter needs)\" name=\"ozel-istek\"><\/textarea><\/span><\/span>\n\t\t\t<\/p>\n\t\t<\/div>\n\t<\/div>\n\t<p><input class=\"wpcf7-form-control wpcf7-submit has-spinner\" type=\"submit\" value=\"Send\" \/>\n\t<\/p>\n<\/div><div class=\"wpcf7-response-output\" aria-hidden=\"true\"><\/div>\n<input type=\"hidden\" name=\"trp-form-language\" value=\"en\"\/><\/form>\n<\/div>\n\t\t<\/div>\n\t\t\t\t<\/div>\n\t\t\t\t<\/div>\n\t\t\t\t\t<\/div>\n\t\t\t\t<\/div>\n\t\t\t\t<\/div>","protected":false},"excerpt":{"rendered":"<p>Sponsorluk F\u0131rsatlar\u0131 Avrupa\u2019n\u0131n en modern fuar merkezi olarak tasarlanan ve lokomotif sekt\u00f6rler i\u00e7in global ticaret platformlar\u0131 olu\u015fturan Yenikap\u0131 Expo Center, reklam ve sponsorluk alanlar\u0131 ile de olduk\u00e7a etkili tan\u0131t\u0131m f\u0131rsatlar\u0131&hellip;<\/p>","protected":false},"author":1,"featured_media":0,"parent":0,"menu_order":0,"comment_status":"closed","ping_status":"closed","template":"","meta":{"_eb_attr":"","footnotes":""},"class_list":["post-20363","page","type-page","status-publish","hentry"],"_links":{"self":[{"href":"https:\/\/yenikapiboatshow.com\/en\/wp-json\/wp\/v2\/pages\/20363","targetHints":{"allow":["GET"]}}],"collection":[{"href":"https:\/\/yenikapiboatshow.com\/en\/wp-json\/wp\/v2\/pages"}],"about":[{"href":"https:\/\/yenikapiboatshow.com\/en\/wp-json\/wp\/v2\/types\/page"}],"author":[{"embeddable":true,"href":"https:\/\/yenikapiboatshow.com\/en\/wp-json\/wp\/v2\/users\/1"}],"replies":[{"embeddable":true,"href":"https:\/\/yenikapiboatshow.com\/en\/wp-json\/wp\/v2\/comments?post=20363"}],"version-history":[{"count":59,"href":"https:\/\/yenikapiboatshow.com\/en\/wp-json\/wp\/v2\/pages\/20363\/revisions"}],"predecessor-version":[{"id":22949,"href":"https:\/\/yenikapiboatshow.com\/en\/wp-json\/wp\/v2\/pages\/20363\/revisions\/22949"}],"wp:attachment":[{"href":"https:\/\/yenikapiboatshow.com\/en\/wp-json\/wp\/v2\/media?parent=20363"}],"curies":[{"name":"wp","href":"https:\/\/api.w.org\/{rel}","templated":true}]}}