{"id":20357,"date":"2024-11-01T21:37:24","date_gmt":"2024-11-01T21:37:24","guid":{"rendered":"https:\/\/yenikapiboatshow.com\/?page_id=20357"},"modified":"2025-12-07T13:25:31","modified_gmt":"2025-12-07T10:25:31","slug":"yerinizi-ayirtin","status":"publish","type":"page","link":"https:\/\/yenikapiboatshow.com\/en\/reserve-your-spot\/","title":{"rendered":"Become An Exhibitor"},"content":{"rendered":"<div data-elementor-type=\"wp-page\" data-elementor-id=\"20357\" class=\"elementor elementor-20357\" data-elementor-post-type=\"page\">\n\t\t\t\t\t\t<section class=\"elementor-section elementor-top-section elementor-element elementor-element-43f0e5eb elementor-section-boxed elementor-section-height-default elementor-section-height-default sc_fly_static\" data-id=\"43f0e5eb\" data-element_type=\"section\">\n\t\t\t\t\t\t<div class=\"elementor-container elementor-column-gap-default\">\n\t\t\t\t\t<div class=\"elementor-column elementor-col-100 elementor-top-column elementor-element elementor-element-549eb0b1 sc_content_align_inherit sc_layouts_column_icons_position_left sc_fly_static\" data-id=\"549eb0b1\" data-element_type=\"column\">\n\t\t\t<div class=\"elementor-widget-wrap elementor-element-populated\">\n\t\t\t\t\t\t<section class=\"elementor-section elementor-inner-section elementor-element elementor-element-1267f83c elementor-section-boxed elementor-section-height-default elementor-section-height-default sc_fly_static\" data-id=\"1267f83c\" data-element_type=\"section\">\n\t\t\t\t\t\t<div class=\"elementor-container elementor-column-gap-no\">\n\t\t\t\t\t<div class=\"elementor-column elementor-col-100 elementor-inner-column elementor-element elementor-element-7a52d13f sc_content_align_inherit sc_layouts_column_icons_position_left sc_fly_static\" data-id=\"7a52d13f\" data-element_type=\"column\">\n\t\t\t<div class=\"elementor-widget-wrap elementor-element-populated\">\n\t\t\t\t\t\t<div class=\"elementor-element elementor-element-2d53c464 sc_fly_static elementor-widget elementor-widget-spacer\" data-id=\"2d53c464\" data-element_type=\"widget\" data-widget_type=\"spacer.default\">\n\t\t\t\t<div class=\"elementor-widget-container\">\n\t\t\t\t\t<div class=\"elementor-spacer\">\n\t\t\t<div class=\"elementor-spacer-inner\"><\/div>\n\t\t<\/div>\n\t\t\t\t<\/div>\n\t\t\t\t<\/div>\n\t\t\t\t<div class=\"elementor-element elementor-element-af00bee sc_fly_static elementor-widget elementor-widget-image\" data-id=\"af00bee\" data-element_type=\"widget\" data-widget_type=\"image.default\">\n\t\t\t\t<div class=\"elementor-widget-container\">\n\t\t\t\t\t\t\t\t\t\t\t\t\t<img fetchpriority=\"high\" decoding=\"async\" width=\"768\" height=\"302\" src=\"https:\/\/yenikapiboatshow.com\/wp-content\/uploads\/2025\/12\/Adsiz-tasarim-2025-12-07T131549.130-768x302.png\" class=\"attachment-medium_large size-medium_large wp-image-22972\" alt=\"\" srcset=\"https:\/\/yenikapiboatshow.com\/wp-content\/uploads\/2025\/12\/Adsiz-tasarim-2025-12-07T131549.130-768x302.png 768w, https:\/\/yenikapiboatshow.com\/wp-content\/uploads\/2025\/12\/Adsiz-tasarim-2025-12-07T131549.130-300x118.png 300w, https:\/\/yenikapiboatshow.com\/wp-content\/uploads\/2025\/12\/Adsiz-tasarim-2025-12-07T131549.130-1024x403.png 1024w, https:\/\/yenikapiboatshow.com\/wp-content\/uploads\/2025\/12\/Adsiz-tasarim-2025-12-07T131549.130-1536x604.png 1536w, https:\/\/yenikapiboatshow.com\/wp-content\/uploads\/2025\/12\/Adsiz-tasarim-2025-12-07T131549.130-2048x806.png 2048w, https:\/\/yenikapiboatshow.com\/wp-content\/uploads\/2025\/12\/Adsiz-tasarim-2025-12-07T131549.130-18x7.png 18w, https:\/\/yenikapiboatshow.com\/wp-content\/uploads\/2025\/12\/Adsiz-tasarim-2025-12-07T131549.130-370x146.png 370w, https:\/\/yenikapiboatshow.com\/wp-content\/uploads\/2025\/12\/Adsiz-tasarim-2025-12-07T131549.130-840x330.png 840w, https:\/\/yenikapiboatshow.com\/wp-content\/uploads\/2025\/12\/Adsiz-tasarim-2025-12-07T131549.130-410x161.png 410w\" sizes=\"(max-width: 768px) 100vw, 768px\" \/>\t\t\t\t\t\t\t\t\t\t\t\t\t<\/div>\n\t\t\t\t<\/div>\n\t\t\t\t<div class=\"elementor-element elementor-element-2f563ecb sc_fly_static elementor-widget elementor-widget-spacer\" data-id=\"2f563ecb\" data-element_type=\"widget\" data-widget_type=\"spacer.default\">\n\t\t\t\t<div class=\"elementor-widget-container\">\n\t\t\t\t\t<div class=\"elementor-spacer\">\n\t\t\t<div class=\"elementor-spacer-inner\"><\/div>\n\t\t<\/div>\n\t\t\t\t<\/div>\n\t\t\t\t<\/div>\n\t\t\t\t\t<\/div>\n\t\t<\/div>\n\t\t\t\t\t<\/div>\n\t\t<\/section>\n\t\t\t\t<section class=\"elementor-section elementor-inner-section elementor-element elementor-element-1bd5c0e elementor-section-boxed elementor-section-height-default elementor-section-height-default sc_fly_static\" data-id=\"1bd5c0e\" data-element_type=\"section\">\n\t\t\t\t\t\t<div class=\"elementor-container elementor-column-gap-no\">\n\t\t\t\t\t<div class=\"elementor-column elementor-col-100 elementor-inner-column elementor-element elementor-element-6db7e5e8 sc_content_align_inherit sc_layouts_column_icons_position_left sc_fly_static\" data-id=\"6db7e5e8\" data-element_type=\"column\">\n\t\t\t<div class=\"elementor-widget-wrap elementor-element-populated\">\n\t\t\t\t\t\t<div class=\"elementor-element elementor-element-4d8c30a sc_fly_static elementor-widget elementor-widget-trx_sc_title\" data-id=\"4d8c30a\" data-element_type=\"widget\" data-widget_type=\"trx_sc_title.default\">\n\t\t\t\t<div class=\"elementor-widget-container\">\n\t\t\t<div\t\tclass=\"sc_title sc_title_default\" ><span class=\"sc_item_subtitle sc_title_subtitle sc_align_center sc_item_subtitle_above sc_item_title_style_default\">With Yenikap\u0131 boat show<\/span><h2 class=\"sc_item_title sc_title_title sc_align_center sc_item_title_style_default sc_item_title_tag sc_typed\"\n\t\t\t><span class=\"sc_item_title_text\">Showcase Your Brand and Take Your Place in the Maritime World: <br>Be <u>The Center of Attention<\/u> Of The Fair!<\/span><\/h2><div class=\"sc_item_descr sc_title_descr sc_align_center\"><p>To learn more about the conditions for participation with a stand and to get additional information, please fill out the form below. The Customer Relations Manager will contact you as soon as possible and answer any questions you may have.<\/p>\n<\/div><\/div>\t\t<\/div>\n\t\t\t\t<\/div>\n\t\t\t\t<div class=\"elementor-element elementor-element-adf183b sc_fly_static elementor-widget elementor-widget-trx_sc_contact_form_7\" data-id=\"adf183b\" data-element_type=\"widget\" data-widget_type=\"trx_sc_contact_form_7.default\">\n\t\t\t\t<div class=\"elementor-widget-container\">\n\t\t\t\n<div class=\"wpcf7 no-js\" id=\"wpcf7-f1413-o1\" lang=\"en-US\" dir=\"ltr\">\n<div class=\"screen-reader-response\"><p role=\"status\" aria-live=\"polite\" aria-atomic=\"true\"><\/p> <ul><\/ul><\/div>\n<form action=\"\/wp-json\/wp\/v2\/pages\/20357\" method=\"post\" class=\"wpcf7-form init\" aria-label=\"Contact form\" novalidate=\"novalidate\" data-status=\"init\" data-trp-original-action=\"\/en\/wp-json\/wp\/v2\/pages\/20357#wpcf7-f1413-o1\">\n<div style=\"display: none;\">\n<input type=\"hidden\" name=\"_wpcf7\" value=\"1413\" \/>\n<input type=\"hidden\" name=\"_wpcf7_version\" value=\"5.9.8\" \/>\n<input type=\"hidden\" name=\"_wpcf7_locale\" value=\"en_US\" \/>\n<input type=\"hidden\" name=\"_wpcf7_unit_tag\" value=\"wpcf7-f1413-o1\" \/>\n<input type=\"hidden\" name=\"_wpcf7_container_post\" value=\"0\" \/>\n<input type=\"hidden\" name=\"_wpcf7_posted_data_hash\" value=\"\" \/>\n<\/div>\n<div class=\"form-style-7\">\n\t<div class=\"columns_wrap\">\n\t\t<div class=\"column-1_1\">\n\t\t\t<p><span class=\"style-line icon-name\"><span class=\"wpcf7-form-control-wrap\" data-name=\"isim-soyisim\"><input size=\"40\" maxlength=\"400\" class=\"wpcf7-form-control wpcf7-text wpcf7-validates-as-required\" aria-required=\"true\" aria-invalid=\"false\" placeholder=\"Name Surname\" value=\"\" type=\"text\" name=\"isim-soyisim\" \/><\/span><\/span>\n\t\t\t<\/p>\n\t\t<\/div>\n\t\t<div class=\"column-1_1\">\n\t\t\t<p><span class=\"style-line icon-phone\"><span class=\"wpcf7-form-control-wrap\" data-name=\"telefon\"><input size=\"40\" maxlength=\"400\" class=\"wpcf7-form-control wpcf7-tel wpcf7-validates-as-required wpcf7-text wpcf7-validates-as-tel\" aria-required=\"true\" aria-invalid=\"false\" placeholder=\"Phone\" value=\"\" type=\"tel\" name=\"telefon\" \/><\/span><\/span>\n\t\t\t<\/p>\n\t\t<\/div>\n\t\t<div class=\"column-1_1\">\n\t\t\t<p><span class=\"style-line icon-email\"><span class=\"wpcf7-form-control-wrap\" data-name=\"email\"><input size=\"40\" maxlength=\"400\" class=\"wpcf7-form-control wpcf7-email wpcf7-validates-as-required wpcf7-text wpcf7-validates-as-email\" aria-required=\"true\" aria-invalid=\"false\" placeholder=\"Email\" value=\"\" type=\"email\" name=\"email\" \/><\/span><\/span>\n\t\t\t<\/p>\n\t\t<\/div>\n\t\t<div class=\"column-1_1\">\n\t\t\t<p><span class=\"style-line icon-subject\"><span class=\"wpcf7-form-control-wrap\" data-name=\"firma-adi\"><input size=\"40\" maxlength=\"400\" class=\"wpcf7-form-control wpcf7-text wpcf7-validates-as-required\" aria-required=\"true\" aria-invalid=\"false\" placeholder=\"Company Name\" value=\"\" type=\"text\" name=\"firma-adi\" \/><\/span><\/span>\n\t\t\t<\/p>\n\t\t<\/div>\n\t\t<div class=\"column-1_1\">\n\t\t\t<p><span class=\"style-line icon-subject\"><span class=\"wpcf7-form-control-wrap\" data-name=\"yetkili-kisi\"><input size=\"40\" maxlength=\"400\" class=\"wpcf7-form-control wpcf7-text wpcf7-validates-as-required\" aria-required=\"true\" aria-invalid=\"false\" placeholder=\"Your Task\" value=\"\" type=\"text\" name=\"yetkili-kisi\" \/><\/span><\/span>\n\t\t\t<\/p>\n\t\t<\/div>\n\t\t<div class=\"column-1_1\">\n\t\t\t<p><span class=\"style-line icon-subject\"><span class=\"wpcf7-form-control-wrap\" data-name=\"ulke\"><input size=\"40\" maxlength=\"400\" class=\"wpcf7-form-control wpcf7-text wpcf7-validates-as-required\" aria-required=\"true\" aria-invalid=\"false\" placeholder=\"Country\" value=\"\" type=\"text\" name=\"ulke\" \/><\/span><\/span>\n\t\t\t<\/p>\n\t\t<\/div>\n\t\t<div class=\"column-1_1\">\n\t\t\t<p><span class=\"style-line icon-subject\"><span class=\"wpcf7-form-control-wrap\" data-name=\"sehir\"><input size=\"40\" maxlength=\"400\" class=\"wpcf7-form-control wpcf7-text wpcf7-validates-as-required\" aria-required=\"true\" aria-invalid=\"false\" placeholder=\"City\" value=\"\" type=\"text\" name=\"sehir\" \/><\/span><\/span>\n\t\t\t<\/p>\n\t\t<\/div>\n\t\t<div class=\"column-1_1\">\n\t\t\t<p><span class=\"style-line icon-subject\"><span class=\"wpcf7-form-control-wrap\" data-name=\"faaliyet-alani\"><input size=\"40\" maxlength=\"400\" class=\"wpcf7-form-control wpcf7-text wpcf7-validates-as-required\" aria-required=\"true\" aria-invalid=\"false\" placeholder=\"The Company&#039;s Field of Activity\" value=\"\" type=\"text\" name=\"faaliyet-alani\" \/><\/span><\/span>\n\t\t\t<\/p>\n\t\t<\/div>\n\t\t<p><span class=\"wpcf7-form-control-wrap\" data-name=\"acceptance\"><span class=\"wpcf7-form-control wpcf7-acceptance\"><span class=\"wpcf7-list-item\"><label><input type=\"checkbox\" name=\"acceptance\" value=\"1\" aria-invalid=\"false\" \/><span class=\"wpcf7-list-item-label\">I consent to the processing of my personal data and to receiving electronic communication, SMS, and mail for the purposes of being informed about the exhibition and events, receiving invitations, and being sent exhibition feedback surveys.<\/span><\/label><\/span><\/span><\/span><br \/>\n<span class=\"wpcf7-form-control-wrap\" data-name=\"acceptance\"><span class=\"wpcf7-form-control wpcf7-acceptance\"><span class=\"wpcf7-list-item\"><label><input type=\"checkbox\" name=\"acceptance\" value=\"1\" aria-invalid=\"false\" \/><span class=\"wpcf7-list-item-label\"><a href=\"https:\/\/yenikapiboatshow.com\/en\/clarification-text\/\">Clarification Text<\/a>I have read and consent to the processing of my personal data in accordance with the Law No. 6698 on the Protection of Personal Data.<\/span><\/label><\/span><\/span><\/span><br \/>\n<span class=\"wpcf7-form-control-wrap\" data-name=\"acceptance\"><span class=\"wpcf7-form-control wpcf7-acceptance\"><span class=\"wpcf7-list-item\"><label><input type=\"checkbox\" name=\"acceptance\" value=\"1\" aria-invalid=\"false\" \/><span class=\"wpcf7-list-item-label\">I agree to be contacted regarding the matter based on the information I have provided above.<\/span><\/label><\/span><\/span><\/span>\n\t\t<\/p>\n\t<\/div>\n\t<p><input class=\"wpcf7-form-control wpcf7-submit has-spinner\" type=\"submit\" value=\"Send\" \/>\n\t<\/p>\n<\/div><div class=\"wpcf7-response-output\" aria-hidden=\"true\"><\/div>\n<input type=\"hidden\" name=\"trp-form-language\" value=\"en\"\/><\/form>\n<\/div>\n\t\t<\/div>\n\t\t\t\t<\/div>\n\t\t\t\t\t<\/div>\n\t\t<\/div>\n\t\t\t\t\t<\/div>\n\t\t<\/section>\n\t\t\t\t\t<\/div>\n\t\t<\/div>\n\t\t\t\t\t<\/div>\n\t\t<\/section>\n\t\t\t\t<\/div>","protected":false},"excerpt":{"rendered":"<p>Yenikap\u0131 boat show ile Markan\u0131z\u0131 Sergileyin ve Denizcilik D\u00fcnyas\u0131nda Yeriniz Al\u0131n: Fuar\u0131n \u0130lgi Oda\u011f\u0131 Olun! Fuara standl\u0131 kat\u0131l\u0131m ko\u015fullar\u0131n\u0131 \u00f6\u011frenmek ve daha fazla bilgi almak i\u00e7in a\u015fa\u011f\u0131daki formu doldurun. M\u00fc\u015fteri&hellip;<\/p>","protected":false},"author":1,"featured_media":0,"parent":0,"menu_order":0,"comment_status":"closed","ping_status":"closed","template":"","meta":{"_eb_attr":"","footnotes":""},"class_list":["post-20357","page","type-page","status-publish","hentry"],"_links":{"self":[{"href":"https:\/\/yenikapiboatshow.com\/en\/wp-json\/wp\/v2\/pages\/20357","targetHints":{"allow":["GET"]}}],"collection":[{"href":"https:\/\/yenikapiboatshow.com\/en\/wp-json\/wp\/v2\/pages"}],"about":[{"href":"https:\/\/yenikapiboatshow.com\/en\/wp-json\/wp\/v2\/types\/page"}],"author":[{"embeddable":true,"href":"https:\/\/yenikapiboatshow.com\/en\/wp-json\/wp\/v2\/users\/1"}],"replies":[{"embeddable":true,"href":"https:\/\/yenikapiboatshow.com\/en\/wp-json\/wp\/v2\/comments?post=20357"}],"version-history":[{"count":43,"href":"https:\/\/yenikapiboatshow.com\/en\/wp-json\/wp\/v2\/pages\/20357\/revisions"}],"predecessor-version":[{"id":22981,"href":"https:\/\/yenikapiboatshow.com\/en\/wp-json\/wp\/v2\/pages\/20357\/revisions\/22981"}],"wp:attachment":[{"href":"https:\/\/yenikapiboatshow.com\/en\/wp-json\/wp\/v2\/media?parent=20357"}],"curies":[{"name":"wp","href":"https:\/\/api.w.org\/{rel}","templated":true}]}}