{"id":20339,"date":"2024-11-01T21:24:31","date_gmt":"2024-11-01T21:24:31","guid":{"rendered":"https:\/\/yenikapiboatshow.com\/?page_id=20339"},"modified":"2024-11-17T22:55:41","modified_gmt":"2024-11-17T19:55:41","slug":"katilimci-profili","status":"publish","type":"page","link":"https:\/\/yenikapiboatshow.com\/en\/participant-profile\/","title":{"rendered":"Exhibitors Profile"},"content":{"rendered":"<div data-elementor-type=\"wp-page\" data-elementor-id=\"20339\" class=\"elementor elementor-20339\" data-elementor-post-type=\"page\">\n\t\t\t\t<div class=\"elementor-element elementor-element-3c414ff e-flex e-con-boxed sc_layouts_column_icons_position_left e-con e-parent\" data-id=\"3c414ff\" data-element_type=\"container\">\n\t\t\t\t\t<div class=\"e-con-inner\">\n\t\t\t\t<div class=\"elementor-element elementor-element-a290c71 sc_fly_static elementor-widget elementor-widget-heading\" data-id=\"a290c71\" data-element_type=\"widget\" data-widget_type=\"heading.default\">\n\t\t\t\t<div class=\"elementor-widget-container\">\n\t\t\t<h2 class=\"elementor-heading-title elementor-size-default\">Exhibitor<\/h2>\t\t<\/div>\n\t\t\t\t<\/div>\n\t\t\t\t\t<\/div>\n\t\t\t\t<\/div>\n\t\t<div class=\"elementor-element elementor-element-16d51e96 e-con-full e-flex sc_layouts_column_icons_position_left e-con e-parent\" data-id=\"16d51e96\" data-element_type=\"container\" data-settings=\"{&quot;background_background&quot;:&quot;classic&quot;}\">\n\t\t<div class=\"elementor-element elementor-element-4c0b7f7a e-con-full e-flex sc_layouts_column_icons_position_left e-con e-child\" data-id=\"4c0b7f7a\" data-element_type=\"container\">\n\t\t\t\t<div class=\"elementor-element elementor-element-101ff330 sc_fly_static elementor-widget elementor-widget-text-editor\" data-id=\"101ff330\" data-element_type=\"widget\" data-widget_type=\"text-editor.default\">\n\t\t\t\t<div class=\"elementor-widget-container\">\n\t\t\t\t\t\t\t<h4>Pioneers of the Sea World<\/h4><p>At the Yenikap\u0131 Boat Show, the most innovative and prestigious brands in the maritime industry come together. Explore our participants showcasing a wide range of products and services, from technology and design to marine vessels and equipment. Step into the blue world by meeting these brands that inspire sea enthusiasts!<\/p>\t\t\t\t\t\t<\/div>\n\t\t\t\t<\/div>\n\t\t\t\t<\/div>\n\t\t\t\t<div class=\"elementor-element elementor-element-79a2a129 elementor-widget__width-initial elementor-widget-tablet__width-inherit sc_fly_static elementor-widget elementor-widget-image\" data-id=\"79a2a129\" data-element_type=\"widget\" data-widget_type=\"image.default\">\n\t\t\t\t<div class=\"elementor-widget-container\">\n\t\t\t\t\t\t\t\t\t\t\t\t\t<img fetchpriority=\"high\" decoding=\"async\" width=\"1024\" height=\"682\" src=\"https:\/\/yenikapiboatshow.com\/wp-content\/uploads\/2024\/11\/3-4-1024x682.jpg\" class=\"attachment-large size-large wp-image-21670\" alt=\"\" srcset=\"https:\/\/yenikapiboatshow.com\/wp-content\/uploads\/2024\/11\/3-4-1024x682.jpg 1024w, https:\/\/yenikapiboatshow.com\/wp-content\/uploads\/2024\/11\/3-4-300x200.jpg 300w, https:\/\/yenikapiboatshow.com\/wp-content\/uploads\/2024\/11\/3-4-768x512.jpg 768w, https:\/\/yenikapiboatshow.com\/wp-content\/uploads\/2024\/11\/3-4-1536x1023.jpg 1536w, https:\/\/yenikapiboatshow.com\/wp-content\/uploads\/2024\/11\/3-4-370x247.jpg 370w, https:\/\/yenikapiboatshow.com\/wp-content\/uploads\/2024\/11\/3-4-840x560.jpg 840w, https:\/\/yenikapiboatshow.com\/wp-content\/uploads\/2024\/11\/3-4-410x273.jpg 410w, https:\/\/yenikapiboatshow.com\/wp-content\/uploads\/2024\/11\/3-4-600x400.jpg 600w, https:\/\/yenikapiboatshow.com\/wp-content\/uploads\/2024\/11\/3-4.jpg 2044w\" sizes=\"(max-width: 1024px) 100vw, 1024px\" \/>\t\t\t\t\t\t\t\t\t\t\t\t\t<\/div>\n\t\t\t\t<\/div>\n\t\t\t\t<\/div>\n\t\t<div class=\"elementor-element elementor-element-aa94e5f e-con-full e-flex sc_layouts_column_icons_position_left e-con e-parent\" data-id=\"aa94e5f\" data-element_type=\"container\" data-settings=\"{&quot;background_background&quot;:&quot;classic&quot;}\">\n\t\t\t\t<div class=\"elementor-element elementor-element-92473d8 sc_fly_static elementor-widget elementor-widget-image-carousel\" data-id=\"92473d8\" data-element_type=\"widget\" data-settings=\"{&quot;slides_to_show&quot;:&quot;4&quot;,&quot;slides_to_show_mobile&quot;:&quot;2&quot;,&quot;navigation&quot;:&quot;none&quot;,&quot;autoplay_speed&quot;:700,&quot;speed&quot;:400,&quot;autoplay&quot;:&quot;yes&quot;,&quot;pause_on_hover&quot;:&quot;yes&quot;,&quot;pause_on_interaction&quot;:&quot;yes&quot;,&quot;infinite&quot;:&quot;yes&quot;}\" data-widget_type=\"image-carousel.default\">\n\t\t\t\t<div class=\"elementor-widget-container\">\n\t\t\t\t\t<div class=\"elementor-image-carousel-wrapper swiper\" dir=\"ltr\">\n\t\t\t<div class=\"elementor-image-carousel swiper-wrapper\" aria-live=\"off\">\n\t\t\t\t\t\t\t\t<div class=\"swiper-slide\" role=\"group\" aria-roledescription=\"slide\" aria-label=\"1 of 45\"><figure class=\"swiper-slide-inner\"><img decoding=\"async\" class=\"swiper-slide-image\" src=\"https:\/\/yenikapiboatshow.com\/wp-content\/uploads\/2024\/11\/45.jpg\" alt=\"45\" \/><\/figure><\/div><div class=\"swiper-slide\" role=\"group\" aria-roledescription=\"slide\" aria-label=\"2 of 45\"><figure class=\"swiper-slide-inner\"><img decoding=\"async\" class=\"swiper-slide-image\" src=\"https:\/\/yenikapiboatshow.com\/wp-content\/uploads\/2024\/11\/44.jpg\" alt=\"44\" \/><\/figure><\/div><div class=\"swiper-slide\" role=\"group\" aria-roledescription=\"slide\" aria-label=\"3 of 45\"><figure class=\"swiper-slide-inner\"><img decoding=\"async\" class=\"swiper-slide-image\" src=\"https:\/\/yenikapiboatshow.com\/wp-content\/uploads\/2024\/11\/43.jpg\" alt=\"43\" \/><\/figure><\/div><div class=\"swiper-slide\" role=\"group\" aria-roledescription=\"slide\" aria-label=\"4 of 45\"><figure class=\"swiper-slide-inner\"><img decoding=\"async\" class=\"swiper-slide-image\" src=\"https:\/\/yenikapiboatshow.com\/wp-content\/uploads\/2024\/11\/42.jpg\" alt=\"42\" \/><\/figure><\/div><div class=\"swiper-slide\" role=\"group\" aria-roledescription=\"slide\" aria-label=\"5 of 45\"><figure class=\"swiper-slide-inner\"><img decoding=\"async\" class=\"swiper-slide-image\" src=\"https:\/\/yenikapiboatshow.com\/wp-content\/uploads\/2024\/11\/41.jpg\" alt=\"41\" \/><\/figure><\/div><div class=\"swiper-slide\" role=\"group\" aria-roledescription=\"slide\" aria-label=\"6 of 45\"><figure class=\"swiper-slide-inner\"><img decoding=\"async\" class=\"swiper-slide-image\" src=\"https:\/\/yenikapiboatshow.com\/wp-content\/uploads\/2024\/11\/40.jpg\" alt=\"40\" \/><\/figure><\/div><div class=\"swiper-slide\" role=\"group\" aria-roledescription=\"slide\" aria-label=\"7 of 45\"><figure class=\"swiper-slide-inner\"><img decoding=\"async\" class=\"swiper-slide-image\" src=\"https:\/\/yenikapiboatshow.com\/wp-content\/uploads\/2024\/11\/39.jpg\" alt=\"39\" \/><\/figure><\/div><div class=\"swiper-slide\" role=\"group\" aria-roledescription=\"slide\" aria-label=\"8 of 45\"><figure class=\"swiper-slide-inner\"><img decoding=\"async\" class=\"swiper-slide-image\" src=\"https:\/\/yenikapiboatshow.com\/wp-content\/uploads\/2024\/11\/38.jpg\" alt=\"38\" \/><\/figure><\/div><div class=\"swiper-slide\" role=\"group\" aria-roledescription=\"slide\" aria-label=\"9 of 45\"><figure class=\"swiper-slide-inner\"><img decoding=\"async\" class=\"swiper-slide-image\" src=\"https:\/\/yenikapiboatshow.com\/wp-content\/uploads\/2024\/11\/37.jpg\" alt=\"37\" \/><\/figure><\/div><div class=\"swiper-slide\" role=\"group\" aria-roledescription=\"slide\" aria-label=\"10 of 45\"><figure class=\"swiper-slide-inner\"><img decoding=\"async\" class=\"swiper-slide-image\" src=\"https:\/\/yenikapiboatshow.com\/wp-content\/uploads\/2024\/11\/36.jpg\" alt=\"36\" \/><\/figure><\/div><div class=\"swiper-slide\" role=\"group\" aria-roledescription=\"slide\" aria-label=\"11 of 45\"><figure class=\"swiper-slide-inner\"><img decoding=\"async\" class=\"swiper-slide-image\" src=\"https:\/\/yenikapiboatshow.com\/wp-content\/uploads\/2024\/11\/35.jpg\" alt=\"35\" \/><\/figure><\/div><div class=\"swiper-slide\" role=\"group\" aria-roledescription=\"slide\" aria-label=\"12 of 45\"><figure class=\"swiper-slide-inner\"><img decoding=\"async\" class=\"swiper-slide-image\" src=\"https:\/\/yenikapiboatshow.com\/wp-content\/uploads\/2024\/11\/34.jpg\" alt=\"34\" \/><\/figure><\/div><div class=\"swiper-slide\" role=\"group\" aria-roledescription=\"slide\" aria-label=\"13 of 45\"><figure class=\"swiper-slide-inner\"><img decoding=\"async\" class=\"swiper-slide-image\" src=\"https:\/\/yenikapiboatshow.com\/wp-content\/uploads\/2024\/11\/33.jpg\" alt=\"33\" \/><\/figure><\/div><div class=\"swiper-slide\" role=\"group\" aria-roledescription=\"slide\" aria-label=\"14 of 45\"><figure class=\"swiper-slide-inner\"><img decoding=\"async\" class=\"swiper-slide-image\" src=\"https:\/\/yenikapiboatshow.com\/wp-content\/uploads\/2024\/11\/32.jpg\" alt=\"32\" \/><\/figure><\/div><div class=\"swiper-slide\" role=\"group\" aria-roledescription=\"slide\" aria-label=\"15 of 45\"><figure class=\"swiper-slide-inner\"><img decoding=\"async\" class=\"swiper-slide-image\" src=\"https:\/\/yenikapiboatshow.com\/wp-content\/uploads\/2024\/11\/31.jpg\" alt=\"31\" \/><\/figure><\/div><div class=\"swiper-slide\" role=\"group\" aria-roledescription=\"slide\" aria-label=\"16 of 45\"><figure class=\"swiper-slide-inner\"><img decoding=\"async\" class=\"swiper-slide-image\" src=\"https:\/\/yenikapiboatshow.com\/wp-content\/uploads\/2024\/11\/30.jpg\" alt=\"30\" \/><\/figure><\/div><div class=\"swiper-slide\" role=\"group\" aria-roledescription=\"slide\" aria-label=\"17 of 45\"><figure class=\"swiper-slide-inner\"><img decoding=\"async\" class=\"swiper-slide-image\" src=\"https:\/\/yenikapiboatshow.com\/wp-content\/uploads\/2024\/11\/29.jpg\" alt=\"29\" \/><\/figure><\/div><div class=\"swiper-slide\" role=\"group\" aria-roledescription=\"slide\" aria-label=\"18 of 45\"><figure class=\"swiper-slide-inner\"><img decoding=\"async\" class=\"swiper-slide-image\" src=\"https:\/\/yenikapiboatshow.com\/wp-content\/uploads\/2024\/11\/28.jpg\" alt=\"28\" \/><\/figure><\/div><div class=\"swiper-slide\" role=\"group\" aria-roledescription=\"slide\" aria-label=\"19 of 45\"><figure class=\"swiper-slide-inner\"><img decoding=\"async\" class=\"swiper-slide-image\" src=\"https:\/\/yenikapiboatshow.com\/wp-content\/uploads\/2024\/11\/27.jpg\" alt=\"27\" \/><\/figure><\/div><div class=\"swiper-slide\" role=\"group\" aria-roledescription=\"slide\" aria-label=\"20 of 45\"><figure class=\"swiper-slide-inner\"><img decoding=\"async\" class=\"swiper-slide-image\" src=\"https:\/\/yenikapiboatshow.com\/wp-content\/uploads\/2024\/11\/26.jpg\" alt=\"26\" \/><\/figure><\/div><div class=\"swiper-slide\" role=\"group\" aria-roledescription=\"slide\" aria-label=\"21 of 45\"><figure class=\"swiper-slide-inner\"><img decoding=\"async\" class=\"swiper-slide-image\" src=\"https:\/\/yenikapiboatshow.com\/wp-content\/uploads\/2024\/11\/25.jpg\" alt=\"25\" \/><\/figure><\/div><div class=\"swiper-slide\" role=\"group\" aria-roledescription=\"slide\" aria-label=\"22 of 45\"><figure class=\"swiper-slide-inner\"><img decoding=\"async\" class=\"swiper-slide-image\" src=\"https:\/\/yenikapiboatshow.com\/wp-content\/uploads\/2024\/11\/24.jpg\" alt=\"24\" \/><\/figure><\/div><div class=\"swiper-slide\" role=\"group\" aria-roledescription=\"slide\" aria-label=\"23 of 45\"><figure class=\"swiper-slide-inner\"><img decoding=\"async\" class=\"swiper-slide-image\" src=\"https:\/\/yenikapiboatshow.com\/wp-content\/uploads\/2024\/11\/23.jpg\" alt=\"23\" \/><\/figure><\/div><div class=\"swiper-slide\" role=\"group\" aria-roledescription=\"slide\" aria-label=\"24 of 45\"><figure class=\"swiper-slide-inner\"><img decoding=\"async\" class=\"swiper-slide-image\" src=\"https:\/\/yenikapiboatshow.com\/wp-content\/uploads\/2024\/11\/22.jpg\" alt=\"22\" \/><\/figure><\/div><div class=\"swiper-slide\" role=\"group\" aria-roledescription=\"slide\" aria-label=\"25 of 45\"><figure class=\"swiper-slide-inner\"><img decoding=\"async\" class=\"swiper-slide-image\" src=\"https:\/\/yenikapiboatshow.com\/wp-content\/uploads\/2024\/11\/21.jpg\" alt=\"21\" \/><\/figure><\/div><div class=\"swiper-slide\" role=\"group\" aria-roledescription=\"slide\" aria-label=\"26 of 45\"><figure class=\"swiper-slide-inner\"><img decoding=\"async\" class=\"swiper-slide-image\" src=\"https:\/\/yenikapiboatshow.com\/wp-content\/uploads\/2024\/11\/20.jpg\" alt=\"20\" \/><\/figure><\/div><div class=\"swiper-slide\" role=\"group\" aria-roledescription=\"slide\" aria-label=\"27 of 45\"><figure class=\"swiper-slide-inner\"><img decoding=\"async\" class=\"swiper-slide-image\" src=\"https:\/\/yenikapiboatshow.com\/wp-content\/uploads\/2024\/11\/19.jpg\" alt=\"19\" \/><\/figure><\/div><div class=\"swiper-slide\" role=\"group\" aria-roledescription=\"slide\" aria-label=\"28 of 45\"><figure class=\"swiper-slide-inner\"><img decoding=\"async\" class=\"swiper-slide-image\" src=\"https:\/\/yenikapiboatshow.com\/wp-content\/uploads\/2024\/11\/18.jpg\" alt=\"18\" \/><\/figure><\/div><div class=\"swiper-slide\" role=\"group\" aria-roledescription=\"slide\" aria-label=\"29 of 45\"><figure class=\"swiper-slide-inner\"><img decoding=\"async\" class=\"swiper-slide-image\" src=\"https:\/\/yenikapiboatshow.com\/wp-content\/uploads\/2024\/11\/17.jpg\" alt=\"17\" \/><\/figure><\/div><div class=\"swiper-slide\" role=\"group\" aria-roledescription=\"slide\" aria-label=\"30 of 45\"><figure class=\"swiper-slide-inner\"><img decoding=\"async\" class=\"swiper-slide-image\" src=\"https:\/\/yenikapiboatshow.com\/wp-content\/uploads\/2024\/11\/16.jpg\" alt=\"16\" \/><\/figure><\/div><div class=\"swiper-slide\" role=\"group\" aria-roledescription=\"slide\" aria-label=\"31 of 45\"><figure class=\"swiper-slide-inner\"><img decoding=\"async\" class=\"swiper-slide-image\" src=\"https:\/\/yenikapiboatshow.com\/wp-content\/uploads\/2024\/11\/15.jpg\" alt=\"15\" \/><\/figure><\/div><div class=\"swiper-slide\" role=\"group\" aria-roledescription=\"slide\" aria-label=\"32 of 45\"><figure class=\"swiper-slide-inner\"><img decoding=\"async\" class=\"swiper-slide-image\" src=\"https:\/\/yenikapiboatshow.com\/wp-content\/uploads\/2024\/11\/14.jpg\" alt=\"14\" \/><\/figure><\/div><div class=\"swiper-slide\" role=\"group\" aria-roledescription=\"slide\" aria-label=\"33 of 45\"><figure class=\"swiper-slide-inner\"><img decoding=\"async\" class=\"swiper-slide-image\" src=\"https:\/\/yenikapiboatshow.com\/wp-content\/uploads\/2024\/11\/13.jpg\" alt=\"13\" \/><\/figure><\/div><div class=\"swiper-slide\" role=\"group\" aria-roledescription=\"slide\" aria-label=\"34 of 45\"><figure class=\"swiper-slide-inner\"><img decoding=\"async\" class=\"swiper-slide-image\" src=\"https:\/\/yenikapiboatshow.com\/wp-content\/uploads\/2024\/11\/12.jpg\" alt=\"12\" \/><\/figure><\/div><div class=\"swiper-slide\" role=\"group\" aria-roledescription=\"slide\" aria-label=\"35 of 45\"><figure class=\"swiper-slide-inner\"><img decoding=\"async\" class=\"swiper-slide-image\" src=\"https:\/\/yenikapiboatshow.com\/wp-content\/uploads\/2024\/11\/11.jpg\" alt=\"11\" \/><\/figure><\/div><div class=\"swiper-slide\" role=\"group\" aria-roledescription=\"slide\" aria-label=\"36 of 45\"><figure class=\"swiper-slide-inner\"><img decoding=\"async\" class=\"swiper-slide-image\" src=\"https:\/\/yenikapiboatshow.com\/wp-content\/uploads\/2024\/11\/10.jpg\" alt=\"10\" \/><\/figure><\/div><div class=\"swiper-slide\" role=\"group\" aria-roledescription=\"slide\" aria-label=\"37 of 45\"><figure class=\"swiper-slide-inner\"><img decoding=\"async\" class=\"swiper-slide-image\" src=\"https:\/\/yenikapiboatshow.com\/wp-content\/uploads\/2024\/11\/9.jpg\" alt=\"9\" \/><\/figure><\/div><div class=\"swiper-slide\" role=\"group\" aria-roledescription=\"slide\" aria-label=\"38 of 45\"><figure class=\"swiper-slide-inner\"><img decoding=\"async\" class=\"swiper-slide-image\" src=\"https:\/\/yenikapiboatshow.com\/wp-content\/uploads\/2024\/11\/8.jpg\" alt=\"8\" \/><\/figure><\/div><div class=\"swiper-slide\" role=\"group\" aria-roledescription=\"slide\" aria-label=\"39 of 45\"><figure class=\"swiper-slide-inner\"><img decoding=\"async\" class=\"swiper-slide-image\" src=\"https:\/\/yenikapiboatshow.com\/wp-content\/uploads\/2024\/11\/7.jpg\" alt=\"7\" \/><\/figure><\/div><div class=\"swiper-slide\" role=\"group\" aria-roledescription=\"slide\" aria-label=\"40 of 45\"><figure class=\"swiper-slide-inner\"><img decoding=\"async\" class=\"swiper-slide-image\" src=\"https:\/\/yenikapiboatshow.com\/wp-content\/uploads\/2024\/11\/6.jpg\" alt=\"6\" \/><\/figure><\/div><div class=\"swiper-slide\" role=\"group\" aria-roledescription=\"slide\" aria-label=\"41 of 45\"><figure class=\"swiper-slide-inner\"><img decoding=\"async\" class=\"swiper-slide-image\" src=\"https:\/\/yenikapiboatshow.com\/wp-content\/uploads\/2024\/11\/5.jpg\" alt=\"5\" \/><\/figure><\/div><div class=\"swiper-slide\" role=\"group\" aria-roledescription=\"slide\" aria-label=\"42 of 45\"><figure class=\"swiper-slide-inner\"><img decoding=\"async\" class=\"swiper-slide-image\" src=\"https:\/\/yenikapiboatshow.com\/wp-content\/uploads\/2024\/11\/4.jpg\" alt=\"4\" \/><\/figure><\/div><div class=\"swiper-slide\" role=\"group\" aria-roledescription=\"slide\" aria-label=\"43 of 45\"><figure class=\"swiper-slide-inner\"><img decoding=\"async\" class=\"swiper-slide-image\" src=\"https:\/\/yenikapiboatshow.com\/wp-content\/uploads\/2024\/11\/3-1.jpg\" alt=\"3\" \/><\/figure><\/div><div class=\"swiper-slide\" role=\"group\" aria-roledescription=\"slide\" aria-label=\"44 of 45\"><figure class=\"swiper-slide-inner\"><img decoding=\"async\" class=\"swiper-slide-image\" src=\"https:\/\/yenikapiboatshow.com\/wp-content\/uploads\/2024\/11\/2-3.jpg\" alt=\"2\" \/><\/figure><\/div><div class=\"swiper-slide\" role=\"group\" aria-roledescription=\"slide\" aria-label=\"45 of 45\"><figure class=\"swiper-slide-inner\"><img decoding=\"async\" class=\"swiper-slide-image\" src=\"https:\/\/yenikapiboatshow.com\/wp-content\/uploads\/2024\/11\/1-1.jpg\" alt=\"1\" \/><\/figure><\/div>\t\t\t<\/div>\n\t\t\t\t\t\t\t\n\t\t\t\t\t\t\t\t\t<\/div>\n\t\t\t\t<\/div>\n\t\t\t\t<\/div>\n\t\t\t\t<\/div>\n\t\t<div class=\"elementor-element elementor-element-4fffbb1 e-con-full e-flex sc_layouts_column_icons_position_left e-con e-parent\" data-id=\"4fffbb1\" data-element_type=\"container\" data-settings=\"{&quot;background_background&quot;:&quot;classic&quot;}\">\n\t\t\t\t<div class=\"elementor-element elementor-element-d7b9124 sc_fly_static elementor-widget elementor-widget-image\" data-id=\"d7b9124\" data-element_type=\"widget\" data-widget_type=\"image.default\">\n\t\t\t\t<div class=\"elementor-widget-container\">\n\t\t\t\t\t\t\t\t\t\t\t\t\t<img decoding=\"async\" width=\"720\" height=\"1024\" src=\"https:\/\/yenikapiboatshow.com\/wp-content\/uploads\/2024\/11\/f5fac015-3bbe-404c-ab9e-c611a38e12f4-scaled-4-2-720x1024.jpg\" class=\"attachment-large size-large wp-image-22580\" alt=\"\" srcset=\"https:\/\/yenikapiboatshow.com\/wp-content\/uploads\/2024\/11\/f5fac015-3bbe-404c-ab9e-c611a38e12f4-scaled-4-2-720x1024.jpg 720w, https:\/\/yenikapiboatshow.com\/wp-content\/uploads\/2024\/11\/f5fac015-3bbe-404c-ab9e-c611a38e12f4-scaled-4-2-211x300.jpg 211w, https:\/\/yenikapiboatshow.com\/wp-content\/uploads\/2024\/11\/f5fac015-3bbe-404c-ab9e-c611a38e12f4-scaled-4-2-768x1092.jpg 768w, https:\/\/yenikapiboatshow.com\/wp-content\/uploads\/2024\/11\/f5fac015-3bbe-404c-ab9e-c611a38e12f4-scaled-4-2-370x526.jpg 370w, https:\/\/yenikapiboatshow.com\/wp-content\/uploads\/2024\/11\/f5fac015-3bbe-404c-ab9e-c611a38e12f4-scaled-4-2-840x1194.jpg 840w, https:\/\/yenikapiboatshow.com\/wp-content\/uploads\/2024\/11\/f5fac015-3bbe-404c-ab9e-c611a38e12f4-scaled-4-2-410x583.jpg 410w, https:\/\/yenikapiboatshow.com\/wp-content\/uploads\/2024\/11\/f5fac015-3bbe-404c-ab9e-c611a38e12f4-scaled-4-2.jpg 1013w\" sizes=\"(max-width: 720px) 100vw, 720px\" \/>\t\t\t\t\t\t\t\t\t\t\t\t\t<\/div>\n\t\t\t\t<\/div>\n\t\t<div class=\"elementor-element elementor-element-8f808a7 e-con-full e-flex sc_layouts_column_icons_position_left e-con e-child\" data-id=\"8f808a7\" data-element_type=\"container\">\n\t\t\t\t<div class=\"elementor-element elementor-element-2fa459d sc_fly_static elementor-widget elementor-widget-heading\" data-id=\"2fa459d\" data-element_type=\"widget\" data-widget_type=\"heading.default\">\n\t\t\t\t<div class=\"elementor-widget-container\">\n\t\t\t<h1 class=\"elementor-heading-title elementor-size-default\"><span style=\"font-size: 40px\">Exhibitors Profile <\/span><\/h1>\t\t<\/div>\n\t\t\t\t<\/div>\n\t\t\t\t<div class=\"elementor-element elementor-element-9452026 sc_fly_static elementor-widget elementor-widget-text-editor\" data-id=\"9452026\" data-element_type=\"widget\" data-widget_type=\"text-editor.default\">\n\t\t\t\t<div class=\"elementor-widget-container\">\n\t\t\t\t\t\t\t<ul class=\"ul1\"><li class=\"li1\">Boat accessories and equipment<\/li><li class=\"li1\">Diving equipment<\/li><li class=\"li1\">Boat power equipment and outboard motors<\/li><li class=\"li1\">Motor boats<\/li><li class=\"li1\">Sailing boats<\/li><li class=\"li1\">Rib and tender boots<\/li><li class=\"li1\">Marinas<\/li><li class=\"li1\">Water sports equipment<\/li><li class=\"li1\">Marine textiles<\/li><li class=\"li1\">Civil Society Organizations<\/li><li class=\"li1\">Sea toys<\/li><li class=\"li1\">Charter companies<\/li><li class=\"li1\">Ventilation, heating, cooling systems<\/li><li class=\"li1\">Marine security systems<\/li><li class=\"li1\">Electronic devices and equipment<\/li><li class=\"li1\">Related media organizations<\/li><\/ul>\t\t\t\t\t\t<\/div>\n\t\t\t\t<\/div>\n\t\t\t\t<\/div>\n\t\t\t\t<\/div>\n\t\t<div class=\"elementor-element elementor-element-b7c6f70 e-flex e-con-boxed sc_layouts_column_icons_position_left e-con e-parent\" data-id=\"b7c6f70\" data-element_type=\"container\">\n\t\t\t\t\t<div class=\"e-con-inner\">\n\t\t\t\t<div class=\"elementor-element elementor-element-47ca3bd sc_fly_static elementor-widget elementor-widget-trx_sc_title\" data-id=\"47ca3bd\" data-element_type=\"widget\" data-widget_type=\"trx_sc_title.default\">\n\t\t\t\t<div class=\"elementor-widget-container\">\n\t\t\t<div\t\tclass=\"sc_title sc_title_default\" ><span class=\"sc_item_subtitle sc_title_subtitle sc_align_center sc_item_subtitle_above sc_item_title_style_default\">Soon<\/span><h2 class=\"sc_item_title sc_title_title sc_align_center sc_item_title_style_default\"\n\t\t\t><span class=\"sc_item_title_text\">List of Exhibitors<\/span><\/h2><\/div>\t\t<\/div>\n\t\t\t\t<\/div>\n\t\t\t\t\t<\/div>\n\t\t\t\t<\/div>\n\t\t<div class=\"elementor-element elementor-element-d1f02b4 e-flex e-con-boxed sc_layouts_column_icons_position_left e-con e-parent\" data-id=\"d1f02b4\" data-element_type=\"container\">\n\t\t\t\t\t<div class=\"e-con-inner\">\n\t\t\t\t<div class=\"elementor-element elementor-element-097b78a scheme_light sc_fly_static elementor-widget elementor-widget-trx_sc_button\" data-id=\"097b78a\" data-element_type=\"widget\" data-widget_type=\"trx_sc_button.default\">\n\t\t\t\t<div class=\"elementor-widget-container\">\n\t\t\t<div\tclass=\"sc_item_button sc_button_wrap\" ><a href=\"#\" class=\"sc_button sc_button_hover sc_button_size_normal sc_button_icon_left\" ><span class=\"sc_button_text\"><span class=\"sc_button_title\">Hall Plan &amp; Layout<\/span><\/span><\/a><\/div>\t\t<\/div>\n\t\t\t\t<\/div>\n\t\t\t\t\t<\/div>\n\t\t\t\t<\/div>\n\t\t\t\t<\/div>","protected":false},"excerpt":{"rendered":"<p>Kat\u0131l\u0131mc\u0131 Markalar Deniz D\u00fcnyas\u0131n\u0131n \u00d6nc\u00fcleri Yenikap\u0131 Boat Show\u2019da, denizcilik sekt\u00f6r\u00fcn\u00fcn en yenilik\u00e7i ve prestijli markalar\u0131 bir araya geliyor. Teknolojiden tasar\u0131ma, deniz ara\u00e7lar\u0131ndan ekipmanlara kadar geni\u015f bir yelpazede \u00fcr\u00fcn ve hizmetlerini&hellip;<\/p>","protected":false},"author":1,"featured_media":0,"parent":0,"menu_order":0,"comment_status":"closed","ping_status":"closed","template":"","meta":{"_eb_attr":"","footnotes":""},"class_list":["post-20339","page","type-page","status-publish","hentry"],"_links":{"self":[{"href":"https:\/\/yenikapiboatshow.com\/en\/wp-json\/wp\/v2\/pages\/20339","targetHints":{"allow":["GET"]}}],"collection":[{"href":"https:\/\/yenikapiboatshow.com\/en\/wp-json\/wp\/v2\/pages"}],"about":[{"href":"https:\/\/yenikapiboatshow.com\/en\/wp-json\/wp\/v2\/types\/page"}],"author":[{"embeddable":true,"href":"https:\/\/yenikapiboatshow.com\/en\/wp-json\/wp\/v2\/users\/1"}],"replies":[{"embeddable":true,"href":"https:\/\/yenikapiboatshow.com\/en\/wp-json\/wp\/v2\/comments?post=20339"}],"version-history":[{"count":155,"href":"https:\/\/yenikapiboatshow.com\/en\/wp-json\/wp\/v2\/pages\/20339\/revisions"}],"predecessor-version":[{"id":22750,"href":"https:\/\/yenikapiboatshow.com\/en\/wp-json\/wp\/v2\/pages\/20339\/revisions\/22750"}],"wp:attachment":[{"href":"https:\/\/yenikapiboatshow.com\/en\/wp-json\/wp\/v2\/media?parent=20339"}],"curies":[{"name":"wp","href":"https:\/\/api.w.org\/{rel}","templated":true}]}}